{"id":258,"date":"2025-02-07T15:45:07","date_gmt":"2025-02-07T14:45:07","guid":{"rendered":"https:\/\/www.tag4u.fr\/?page_id=258"},"modified":"2026-01-27T11:03:20","modified_gmt":"2026-01-27T10:03:20","slug":"pack","status":"publish","type":"page","link":"https:\/\/www.tag4u.fr\/en\/pack\/","title":{"rendered":"Pack"},"content":{"rendered":"<h1>Nos packs d&#8217;\u00e9tiquettes<\/h1>\n<div>\n<p>Le site tag4U \u00e0 \u00e9t\u00e9 lanc\u00e9 fin mai 2025. Nous sommes en cours de cr\u00e9ation de pack. Nous allons lancer 2 offres en fonction du nombre de produit dans le panier.<\/p>\n<p>La premi\u00e8re offre est de 20% pour 3 produits.<\/p>\n<p>La seconde est de 25% pour 5 produits et plus.<\/p>\n<\/div>\n<p><!--more--><br \/>\n<!-- {\"type\":\"layout\",\"children\":[{\"type\":\"section\",\"props\":{\"image_position\":\"center-center\",\"style\":\"default\",\"title_breakpoint\":\"xl\",\"title_position\":\"top-left\",\"title_rotation\":\"left\",\"vertical_align\":\"middle\",\"width\":\"default\"},\"children\":[{\"type\":\"row\",\"children\":[{\"type\":\"column\",\"props\":{\"image_position\":\"center-center\",\"position_sticky_breakpoint\":\"m\"},\"children\":[{\"type\":\"headline\",\"props\":{\"content\":\"Nos packs d'\\u00e9tiquettes\",\"content_en_gb\":\"Our label packs\",\"text_align\":\"center\",\"title_element\":\"h1\"}}]}]}]},{\"type\":\"section\",\"props\":{\"image_position\":\"center-center\",\"padding_remove_top\":true,\"style\":\"default\",\"title_breakpoint\":\"xl\",\"title_position\":\"top-left\",\"title_rotation\":\"left\",\"vertical_align\":\"middle\",\"width\":\"default\"},\"children\":[{\"type\":\"row\",\"children\":[{\"type\":\"column\",\"props\":{\"image_position\":\"center-center\",\"position_sticky_breakpoint\":\"m\"},\"children\":[{\"type\":\"text\",\"props\":{\"column_breakpoint\":\"m\",\"content\":\"\n\n<p>Le site tag4U \\u00e0 \\u00e9t\\u00e9 lanc\\u00e9 fin mai 2025. Nous sommes en cours de cr\\u00e9ation de pack. Nous allons lancer 2 offres en fonction du nombre de produit dans le panier.<\\\/p>\\n\n\n<p>La premi\\u00e8re offre est de 20% pour 3 produits.<\\\/p>\\n\n\n<p>La seconde est de 25% pour 5 produits et plus.<\\\/p>\",\"content_en_gb\":\"\n\n<p>The tag4U website was launched at the end of May 2025. We are currently creating bundles. We will launch two offers depending on the number of products in the cart.<\\\/p>\\n\n\n<p>The first offer is 20% off for 3 products.<\\\/p>\\n\n\n<p>The second is 25% off for 5 or more products.<\\\/p>\",\"margin\":\"default\"}}]}]}]}],\"version\":\"4.4.8\"} --><\/p>\n","protected":false},"excerpt":{"rendered":"<p>Nos packs d&#8217;\u00e9tiquettes Le site tag4U \u00e0 \u00e9t\u00e9 lanc\u00e9 fin mai 2025. Nous sommes en cours de cr\u00e9ation de pack. Nous allons lancer 2 offres en fonction du nombre de produit dans le panier. La premi\u00e8re offre est de 20% pour 3 produits. La seconde est de 25% pour 5 produits et plus.<\/p>\n","protected":false},"author":1,"featured_media":0,"parent":0,"menu_order":0,"comment_status":"closed","ping_status":"closed","template":"","meta":{"_acf_changed":false,"footnotes":""},"class_list":["post-258","page","type-page","status-publish","hentry"],"acf":[],"_links":{"self":[{"href":"https:\/\/www.tag4u.fr\/en\/wp-json\/wp\/v2\/pages\/258","targetHints":{"allow":["GET"]}}],"collection":[{"href":"https:\/\/www.tag4u.fr\/en\/wp-json\/wp\/v2\/pages"}],"about":[{"href":"https:\/\/www.tag4u.fr\/en\/wp-json\/wp\/v2\/types\/page"}],"author":[{"embeddable":true,"href":"https:\/\/www.tag4u.fr\/en\/wp-json\/wp\/v2\/users\/1"}],"replies":[{"embeddable":true,"href":"https:\/\/www.tag4u.fr\/en\/wp-json\/wp\/v2\/comments?post=258"}],"version-history":[{"count":9,"href":"https:\/\/www.tag4u.fr\/en\/wp-json\/wp\/v2\/pages\/258\/revisions"}],"predecessor-version":[{"id":990,"href":"https:\/\/www.tag4u.fr\/en\/wp-json\/wp\/v2\/pages\/258\/revisions\/990"}],"wp:attachment":[{"href":"https:\/\/www.tag4u.fr\/en\/wp-json\/wp\/v2\/media?parent=258"}],"curies":[{"name":"wp","href":"https:\/\/api.w.org\/{rel}","templated":true}]}}