{"id":263,"date":"2025-02-07T15:50:36","date_gmt":"2025-02-07T14:50:36","guid":{"rendered":"https:\/\/www.tag4u.fr\/?page_id=263"},"modified":"2026-01-27T11:07:24","modified_gmt":"2026-01-27T10:07:24","slug":"espace-pro","status":"publish","type":"page","link":"https:\/\/www.tag4u.fr\/en\/pro-area\/","title":{"rendered":"Pro Area"},"content":{"rendered":"<h1>Espace Pro<\/h1>\n<div>\n<p><strong>Produits personnalis\u00e9s sur-mesure pour collectivit\u00e9s, entreprises et cr\u00e9ateurs<\/strong><\/p>\n<p>Vous \u00eates une collectivit\u00e9, une entreprise ou un cr\u00e9ateur \u00e0 la recherche d\u2019une personnalisation unique ou d\u2019un format sp\u00e9cifique introuvable dans notre catalogue ? Nous concevons des produits sur-mesure adapt\u00e9s aux besoins des professionnels : cr\u00e8ches, \u00e9coles, internats, personnel de sant\u00e9, EHPAD, centres de loisirs, associations sportives, organisateurs d\u2019\u00e9v\u00e9nements et bien d\u2019autres. Contactez-nous pour une solution personnalis\u00e9e r\u00e9pondant parfaitement \u00e0 vos attentes !<\/p>\n<\/div>\n<div>\n<p>Produits personnalis\u00e9s sur-mesure pour collectivit\u00e9s, entreprises et cr\u00e9ateurs<\/p>\n<p>Il vous suffit de nous envoyer votre demande via notre <strong>formulaire de contact<\/strong>.<br \/>Pour un traitement rapide, merci d\u2019inclure toutes les pr\u00e9cisions n\u00e9cessaires (type de personnalisation, format souhait\u00e9, quantit\u00e9s, etc.).<\/p>\n<p>Nous reviendrons vers vous dans les plus brefs d\u00e9lais !<\/p>\n<\/div>\n<p><>email<\/><\/p>\n<p><>nom<\/><\/p>\n<p><>message<\/><\/p>\n<p><!--more--><br \/>\n<!-- {\"type\":\"layout\",\"children\":[{\"type\":\"section\",\"props\":{\"image_position\":\"center-center\",\"style\":\"default\",\"title_breakpoint\":\"xl\",\"title_position\":\"top-left\",\"title_rotation\":\"left\",\"vertical_align\":\"middle\",\"width\":\"default\"},\"children\":[{\"type\":\"row\",\"children\":[{\"type\":\"column\",\"props\":{\"image_position\":\"center-center\",\"position_sticky_breakpoint\":\"m\"},\"children\":[{\"type\":\"headline\",\"props\":{\"content\":\"Espace Pro\",\"content_en_gb\":\"Professional Area\",\"text_align\":\"center\",\"title_element\":\"h1\"}},{\"type\":\"text\",\"props\":{\"column_breakpoint\":\"m\",\"content\":\"\n\n<p><strong>Produits personnalis\\u00e9s sur-mesure pour collectivit\\u00e9s, entreprises et cr\\u00e9ateurs<\\\/strong><\\\/p>\\n\n\n<p>Vous \\u00eates une collectivit\\u00e9, une entreprise ou un cr\\u00e9ateur \\u00e0 la recherche d\\u2019une personnalisation unique ou d\\u2019un format sp\\u00e9cifique introuvable dans notre catalogue ? Nous concevons des produits sur-mesure adapt\\u00e9s aux besoins des professionnels : cr\\u00e8ches, \\u00e9coles, internats, personnel de sant\\u00e9, EHPAD, centres de loisirs, associations sportives, organisateurs d\\u2019\\u00e9v\\u00e9nements et bien d\\u2019autres. Contactez-nous pour une solution personnalis\\u00e9e r\\u00e9pondant parfaitement \\u00e0 vos attentes !<\\\/p>\",\"content_en_gb\":\"\n\n<p><strong>Custom-made products for communities, businesses, and creators<\\\/strong><\\\/p>\\n\n\n<p>Are you a community, business, or creator looking for unique customization or a specific format not found in our catalog? We design custom-made products tailored to the needs of professionals: nurseries, schools, boarding schools, healthcare professionals, nursing homes, leisure centers, sports associations, event organizers, and many more. Contact us for a personalized solution that perfectly meets your expectations!<\\\/p>\",\"margin\":\"default\"}},{\"type\":\"text\",\"props\":{\"column_breakpoint\":\"m\",\"content\":\"\n\n<p>Produits personnalis\\u00e9s sur-mesure pour collectivit\\u00e9s, entreprises et cr\\u00e9ateurs<\\\/p>\\n\n\n<p>Il vous suffit de nous envoyer votre demande via notre <strong>formulaire de contact<\\\/strong>.<br \\\/>Pour un traitement rapide, merci d\\u2019inclure toutes les pr\\u00e9cisions n\\u00e9cessaires (type de personnalisation, format souhait\\u00e9, quantit\\u00e9s, etc.).<\\\/p>\\n\n\n<p>Nous reviendrons vers vous dans les plus brefs d\\u00e9lais !<\\\/p>\",\"content_en_gb\":\"\n\n<p>Customized, made-to-measure products for communities, businesses, and creators<\\\/p>\\n\n\n<p>Simply send us your request via our <strong>contact form<\\\/strong>.<br \\\/>For faster processing, please include all necessary details (type of customization, desired format, quantities, etc.).<\\\/p>\\n\n\n<p>We will get back to you as soon as possible!<\\\/p>\",\"margin\":\"default\"}}]}]}]},{\"type\":\"section\",\"props\":{\"image_position\":\"center-center\",\"style\":\"default\",\"title_breakpoint\":\"xl\",\"title_position\":\"top-left\",\"title_rotation\":\"left\",\"vertical_align\":\"middle\",\"width\":\"default\"},\"children\":[{\"type\":\"row\",\"children\":[{\"type\":\"column\",\"props\":{\"image_position\":\"center-center\",\"position_sticky_breakpoint\":\"m\"},\"children\":[{\"type\":\"cf-simple-form\",\"props\":{\"adminMailFormUser\":\"yes\",\"admin_email\":\"%data\",\"admin_email_address\":\"stephane@tag4u.fr\",\"admin_email_subject\":\"[tag4U] Espace Pro\",\"db_save\":true,\"form_layout\":\"stacked\",\"form_redirect\":false,\"layout_card\":\"none\",\"reCaptcha_pos\":\"bottomright\",\"reCaptcha_size\":\"normal\",\"reCaptcha_theme\":\"light\",\"reCaptcha_type\":\"v2\",\"reCaptcha_v2_type\":\"v2-invisible\",\"send_email_user\":true,\"show_after_submission\":false,\"show_thank_msg\":true,\"submitNotificationStyle\":\"success\",\"submit_button\":\"default\",\"submit_icon_padding\":10,\"submit_icon_position\":0,\"submit_position\":\"right\",\"submit_text\":\"Envoyer\",\"submit_text_en_gb\":\"Submit\",\"thank_msg\":\"\n\n<p>Merci pour votre message, nous vous r\\u00e9pondrons dans les plus brefs d\\u00e9lais.<\\\/p>\",\"thank_msg_en_gb\":\"Thank you for your message.\",\"user_email\":\"\n\n<p>Merci pour votre message, nous vous r\\u00e9pondrons dans les plus brefs d\\u00e9lais.<\\\/p>\",\"user_email_address\":\"email\",\"user_email_subject\":\"[tag4U] Espace Pro\",\"width_submit\":\"form-width-small\"},\"children\":[{\"type\":\"cf-simple-form_item\",\"props\":{\"input_description_align\":\"center\",\"input_icon\":\"mail\",\"input_label\":\"Mail\",\"input_label_en_gb\":\"E-Mail\",\"input_max_r\":10,\"input_min_r\":0,\"input_rows_ta\":10,\"input_step_r\":1,\"input_text_type\":\"email\",\"input_type\":\"input\",\"input_value_r\":5,\"require_input\":true,\"title\":\"email\",\"width_field\":\"auto\"}},{\"type\":\"cf-simple-form_item\",\"props\":{\"input_description_align\":\"center\",\"input_icon\":\"user\",\"input_label\":\"Nom\",\"input_label_en_gb\":\"Name\",\"input_max_r\":10,\"input_min_r\":0,\"input_rows_ta\":10,\"input_step_r\":1,\"input_text_type\":\"text\",\"input_type\":\"input\",\"input_value_r\":5,\"require_input\":true,\"title\":\"nom\",\"width_field\":\"auto\"}},{\"type\":\"cf-simple-form_item\",\"props\":{\"input_description_align\":\"center\",\"input_label\":\"Message\",\"input_max_r\":10,\"input_min_r\":0,\"input_rows_ta\":10,\"input_step_r\":1,\"input_text_type\":\"text\",\"input_type\":\"input\",\"input_value_r\":5,\"require_input\":true,\"title\":\"message\",\"width_field\":\"auto\"}}],\"name\":\"Espace pro\"}]}]}]}],\"version\":\"4.4.8\"} --><\/p>\n","protected":false},"excerpt":{"rendered":"<p>Espace Pro Produits personnalis\u00e9s sur-mesure pour collectivit\u00e9s, entreprises et cr\u00e9ateurs Vous \u00eates une collectivit\u00e9, une entreprise ou un cr\u00e9ateur \u00e0 la recherche d\u2019une personnalisation unique ou d\u2019un format sp\u00e9cifique introuvable dans notre catalogue ? Nous concevons des produits sur-mesure adapt\u00e9s aux besoins des professionnels : cr\u00e8ches, \u00e9coles, internats, personnel de sant\u00e9, EHPAD, centres de loisirs, [&hellip;]<\/p>\n","protected":false},"author":1,"featured_media":0,"parent":0,"menu_order":0,"comment_status":"closed","ping_status":"closed","template":"","meta":{"_acf_changed":false,"footnotes":""},"class_list":["post-263","page","type-page","status-publish","hentry"],"acf":[],"_links":{"self":[{"href":"https:\/\/www.tag4u.fr\/en\/wp-json\/wp\/v2\/pages\/263","targetHints":{"allow":["GET"]}}],"collection":[{"href":"https:\/\/www.tag4u.fr\/en\/wp-json\/wp\/v2\/pages"}],"about":[{"href":"https:\/\/www.tag4u.fr\/en\/wp-json\/wp\/v2\/types\/page"}],"author":[{"embeddable":true,"href":"https:\/\/www.tag4u.fr\/en\/wp-json\/wp\/v2\/users\/1"}],"replies":[{"embeddable":true,"href":"https:\/\/www.tag4u.fr\/en\/wp-json\/wp\/v2\/comments?post=263"}],"version-history":[{"count":17,"href":"https:\/\/www.tag4u.fr\/en\/wp-json\/wp\/v2\/pages\/263\/revisions"}],"predecessor-version":[{"id":994,"href":"https:\/\/www.tag4u.fr\/en\/wp-json\/wp\/v2\/pages\/263\/revisions\/994"}],"wp:attachment":[{"href":"https:\/\/www.tag4u.fr\/en\/wp-json\/wp\/v2\/media?parent=263"}],"curies":[{"name":"wp","href":"https:\/\/api.w.org\/{rel}","templated":true}]}}