{"id":270,"date":"2025-02-07T16:00:42","date_gmt":"2025-02-07T15:00:42","guid":{"rendered":"https:\/\/www.tag4u.fr\/?page_id=270"},"modified":"2026-01-27T11:22:27","modified_gmt":"2026-01-27T10:22:27","slug":"nous-contacter","status":"publish","type":"page","link":"https:\/\/www.tag4u.fr\/en\/contact-us\/","title":{"rendered":"Contact us"},"content":{"rendered":"<h1>Nous contacter<\/h1>\n<div>\n<p>Notre service client se situe \u00e0 Montpellier, nous sommes joignable par t\u00e9l\u00e9phone de 9h00 \u00e0 12h00 et de 14h \u00e0 17h00 du lundi au vendredi.\u00a0<\/p>\n<p>T\u00e9l\u00e9phone : <strong>04.11.93.42.93<\/strong><\/p>\n<p>Vous pouvez \u00e9galement nous joindre avec le formulaire de contact ci-dessous.<\/p>\n<\/div>\n<p><>email<\/><\/p>\n<p><>Nom<\/><\/p>\n<p><>telephone<\/><\/p>\n<p><>message<\/><\/p>\n<p><!--more--><br \/>\n<!-- {\"type\":\"layout\",\"children\":[{\"type\":\"section\",\"props\":{\"image_position\":\"center-center\",\"style\":\"default\",\"title_breakpoint\":\"xl\",\"title_position\":\"top-left\",\"title_rotation\":\"left\",\"vertical_align\":\"middle\",\"width\":\"default\"},\"children\":[{\"type\":\"row\",\"children\":[{\"type\":\"column\",\"props\":{\"image_position\":\"center-center\",\"position_sticky_breakpoint\":\"m\"},\"children\":[{\"type\":\"breadcrumbs\",\"props\":{\"show_current\":true,\"show_home\":true}},{\"type\":\"headline\",\"props\":{\"content\":\"Nous contacter\",\"content_en_gb\":\"Contact us\",\"text_align\":\"left\",\"title_decoration\":\"bullet\",\"title_element\":\"h1\",\"title_style\":\"h2\"}},{\"type\":\"text\",\"props\":{\"column_breakpoint\":\"m\",\"content\":\"\n\n<p>Notre service client se situe \\u00e0 Montpellier, nous sommes joignable par t\\u00e9l\\u00e9phone de 9h00 \\u00e0 12h00 et de 14h \\u00e0 17h00 du lundi au vendredi.\\u00a0<\\\/p>\\n\n\n<p>T\\u00e9l\\u00e9phone : <strong>04.11.93.42.93<\\\/strong><\\\/p>\\n\n\n<p>Vous pouvez \\u00e9galement nous joindre avec le formulaire de contact ci-dessous.<\\\/p>\",\"content_en_gb\":\"\n\n<p>Our customer service department is located in Montpellier. We can be reached by telephone from 9:00 a.m. to 12:00 p.m. and from 2:00 p.m. to 5:00 p.m., Monday to Friday. <\\\/p>\\n\n\n<p>Telephone: <strong>+33 4.11.93.42.93<\\\/strong><\\\/p>\\n\n\n<p>You can also contact us using the contact form below. (French,English or Spanish) <\\\/p>\",\"margin\":\"default\"}},{\"type\":\"cf-simple-form\",\"props\":{\"adminMailFormUser\":\"yes\",\"admin_email\":\"%data\",\"admin_email_address\":\"stephane@tag4u.fr\",\"admin_email_subject\":\"[tag4U] Formulaire de contact\",\"db_save\":true,\"form_layout\":\"stacked\",\"form_redirect\":false,\"layout_card\":\"none\",\"reCaptcha_pos\":\"bottomright\",\"reCaptcha_size\":\"normal\",\"reCaptcha_theme\":\"light\",\"reCaptcha_type\":\"v2\",\"reCaptcha_v2_type\":\"v2-invisible\",\"send_email_user\":true,\"show_after_submission\":false,\"show_thank_msg\":true,\"submitNotificationStyle\":\"success\",\"submit_button\":\"default\",\"submit_icon_padding\":10,\"submit_icon_position\":0,\"submit_position\":\"right\",\"submit_text\":\"Envoyer\",\"submit_text_en_gb\":\"Submit\",\"thank_msg\":\"\n\n<p>Merci pour votre message, nous vous r\\u00e9pondrons dans les plus brefs d\\u00e9lais.<\\\/p>\",\"thank_msg_en_gb\":\"Thank you for your message.\",\"user_email\":\"\n\n<p>Merci pour votre message, nous vous r\\u00e9pondrons dans les plus brefs d\\u00e9lais.<\\\/p>\",\"user_email_address\":\"email\",\"user_email_subject\":\"[tag4U] Formulaire de contact\",\"width_submit\":\"form-width-small\"},\"children\":[{\"type\":\"cf-simple-form_item\",\"props\":{\"input_description_align\":\"center\",\"input_icon\":\"mail\",\"input_label\":\"Mail\",\"input_label_en_gb\":\"E-Mail\",\"input_max_r\":10,\"input_min_r\":0,\"input_rows_ta\":10,\"input_step_r\":1,\"input_text_type\":\"email\",\"input_type\":\"input\",\"input_value_r\":5,\"title\":\"email\",\"width_field\":\"auto\"}},{\"type\":\"cf-simple-form_item\",\"props\":{\"input_description_align\":\"center\",\"input_icon\":\"user\",\"input_label\":\"Nom\",\"input_label_en_gb\":\"Name\",\"input_max_r\":10,\"input_min_r\":0,\"input_rows_ta\":10,\"input_step_r\":1,\"input_text_type\":\"text\",\"input_type\":\"input\",\"input_value_r\":5,\"require_input\":true,\"title\":\"Nom\",\"width_field\":\"auto\"}},{\"type\":\"cf-simple-form_item\",\"props\":{\"input_description_align\":\"center\",\"input_icon\":\"receiver\",\"input_label\":\"T\\u00e9l\\u00e9phone\",\"input_label_en_gb\":\"Phone number\",\"input_max_r\":10,\"input_min_r\":0,\"input_rows_ta\":10,\"input_step_r\":1,\"input_text_type\":\"number\",\"input_type\":\"input\",\"input_value_r\":5,\"require_input\":false,\"title\":\"telephone\",\"width_field\":\"auto\"}},{\"type\":\"cf-simple-form_item\",\"props\":{\"input_description_align\":\"center\",\"input_label\":\"message\",\"input_max_r\":10,\"input_min_r\":0,\"input_rows_ta\":10,\"input_step_r\":1,\"input_text_type\":\"text\",\"input_type\":\"textarea\",\"input_value_r\":5,\"title\":\"message\",\"width_field\":\"auto\"}}]}]}]}]}],\"version\":\"4.4.8\"} --><\/p>\n","protected":false},"excerpt":{"rendered":"<p>Nous contacter Notre service client se situe \u00e0 Montpellier, nous sommes joignable par t\u00e9l\u00e9phone de 9h00 \u00e0 12h00 et de 14h \u00e0 17h00 du lundi au vendredi.\u00a0 T\u00e9l\u00e9phone : 04.11.93.42.93 Vous pouvez \u00e9galement nous joindre avec le formulaire de contact ci-dessous. email Nom telephone message<\/p>\n","protected":false},"author":1,"featured_media":0,"parent":0,"menu_order":0,"comment_status":"closed","ping_status":"closed","template":"","meta":{"_acf_changed":false,"footnotes":""},"class_list":["post-270","page","type-page","status-publish","hentry"],"acf":[],"_links":{"self":[{"href":"https:\/\/www.tag4u.fr\/en\/wp-json\/wp\/v2\/pages\/270","targetHints":{"allow":["GET"]}}],"collection":[{"href":"https:\/\/www.tag4u.fr\/en\/wp-json\/wp\/v2\/pages"}],"about":[{"href":"https:\/\/www.tag4u.fr\/en\/wp-json\/wp\/v2\/types\/page"}],"author":[{"embeddable":true,"href":"https:\/\/www.tag4u.fr\/en\/wp-json\/wp\/v2\/users\/1"}],"replies":[{"embeddable":true,"href":"https:\/\/www.tag4u.fr\/en\/wp-json\/wp\/v2\/comments?post=270"}],"version-history":[{"count":19,"href":"https:\/\/www.tag4u.fr\/en\/wp-json\/wp\/v2\/pages\/270\/revisions"}],"predecessor-version":[{"id":997,"href":"https:\/\/www.tag4u.fr\/en\/wp-json\/wp\/v2\/pages\/270\/revisions\/997"}],"wp:attachment":[{"href":"https:\/\/www.tag4u.fr\/en\/wp-json\/wp\/v2\/media?parent=270"}],"curies":[{"name":"wp","href":"https:\/\/api.w.org\/{rel}","templated":true}]}}