{"id":656,"date":"2025-05-28T11:00:11","date_gmt":"2025-05-28T09:00:11","guid":{"rendered":"https:\/\/www.tag4u.fr\/?page_id=656"},"modified":"2026-01-27T11:16:38","modified_gmt":"2026-01-27T10:16:38","slug":"notre-histoire","status":"publish","type":"page","link":"https:\/\/www.tag4u.fr\/en\/our-story\/","title":{"rendered":"Our story"},"content":{"rendered":"<h1>Notre histoire<\/h1>\n<div>\n<p>L\u2019id\u00e9e de <strong>Tag4u<\/strong> est n\u00e9e d\u2019un petit impr\u00e9vu\u2026 et d\u2019un grand voyage. En 2023, l\u2019un de nos enfants est parti en s\u00e9jour scolaire dans une \u00e9cole anglaise. Soucieux de tout pr\u00e9parer au mieux, nous avions soigneusement \u00e9tiquet\u00e9 ses v\u00eatements avec des \u00e9tiquettes achet\u00e9es en mercerie. Malheureusement, apr\u00e8s le tout premier lavage, elles avaient toutes disparu. Plus un nom, plus une trace. Une situation famili\u00e8re pour bien des parents !<\/p>\n<\/div>\n<div>\n<p>Ce petit d\u00e9sagr\u00e9ment a sem\u00e9 une graine. Et si l\u2019on cr\u00e9ait des \u00e9tiquettes \u00e0 la fois jolies, simples \u00e0 poser et <strong>vraiment r\u00e9sistantes<\/strong> au quotidien des enfants ? L\u2019id\u00e9e a m\u00fbri doucement, entre deux lessives et trois cartables. Apr\u00e8s quelques mois de r\u00e9flexion, de tests, de prototypes (et d\u2019\u00e9tiquettes coll\u00e9es sur tout ce qui bouge), <strong>Tag4u est officiellement n\u00e9 en septembre 2024 et lanc\u00e9 en Juin 2025 avec l&#8217;ouverture du site.<\/strong>.<\/p>\n<\/div>\n<div>\n<p>Aujourd\u2019hui, nous proposons des <strong>\u00e9tiquettes personnalis\u00e9es pour v\u00eatements<\/strong> et objets, con\u00e7ues en France, et parfaitement adapt\u00e9es \u00e0 la cr\u00e8che, \u00e0 l\u2019\u00e9cole, aux colonies, aux internats ou aux s\u00e9jours chez les grands-parents.<\/p>\n<\/div>\n<p><!--more--><br \/>\n<!-- {\"type\":\"layout\",\"children\":[{\"type\":\"section\",\"props\":{\"image_position\":\"center-center\",\"padding_remove_bottom\":false,\"style\":\"default\",\"title_breakpoint\":\"xl\",\"title_position\":\"top-left\",\"title_rotation\":\"left\",\"vertical_align\":\"middle\",\"width\":\"default\"},\"children\":[{\"type\":\"row\",\"children\":[{\"type\":\"column\",\"props\":{\"image_position\":\"center-center\",\"position_sticky_breakpoint\":\"m\"},\"children\":[{\"type\":\"breadcrumbs\",\"props\":{\"show_current\":true,\"show_home\":true}},{\"type\":\"headline\",\"props\":{\"content\":\"Notre histoire\",\"content_en_gb\":\"Our story\",\"title_element\":\"h1\"}}]}]}]},{\"type\":\"section\",\"props\":{\"image_position\":\"center-center\",\"padding_remove_top\":true,\"style\":\"default\",\"title_breakpoint\":\"xl\",\"title_position\":\"top-left\",\"title_rotation\":\"left\",\"vertical_align\":\"middle\",\"width\":\"default\"},\"children\":[{\"type\":\"row\",\"children\":[{\"type\":\"column\",\"props\":{\"image_position\":\"center-center\",\"position_sticky_breakpoint\":\"m\"},\"children\":[{\"type\":\"text\",\"props\":{\"column_breakpoint\":\"m\",\"content\":\"\n\n<p>L\\u2019id\\u00e9e de <strong>Tag4u<\\\/strong> est n\\u00e9e d\\u2019un petit impr\\u00e9vu\\u2026 et d\\u2019un grand voyage. En 2023, l\\u2019un de nos enfants est parti en s\\u00e9jour scolaire dans une \\u00e9cole anglaise. Soucieux de tout pr\\u00e9parer au mieux, nous avions soigneusement \\u00e9tiquet\\u00e9 ses v\\u00eatements avec des \\u00e9tiquettes achet\\u00e9es en mercerie. Malheureusement, apr\\u00e8s le tout premier lavage, elles avaient toutes disparu. Plus un nom, plus une trace. Une situation famili\\u00e8re pour bien des parents !<\\\/p>\",\"content_en_gb\":\"\n\n<p>The idea for <strong>Tag4u<\\\/strong> was born from a small unexpected event\\u2026 and a big trip. In 2023, one of our children went on a school trip to an English school. Anxious to prepare everything as best as possible, we had carefully labeled their clothes with tags bought at a haberdashery. Unfortunately, after the very first wash, they had all disappeared. Not a name, not a trace. A familiar situation for many parents!<\\\/p>\",\"margin\":\"default\"}},{\"type\":\"text\",\"props\":{\"column_breakpoint\":\"m\",\"content\":\"\n\n<p>Ce petit d\\u00e9sagr\\u00e9ment a sem\\u00e9 une graine. Et si l\\u2019on cr\\u00e9ait des \\u00e9tiquettes \\u00e0 la fois jolies, simples \\u00e0 poser et <strong>vraiment r\\u00e9sistantes<\\\/strong> au quotidien des enfants ? L\\u2019id\\u00e9e a m\\u00fbri doucement, entre deux lessives et trois cartables. Apr\\u00e8s quelques mois de r\\u00e9flexion, de tests, de prototypes (et d\\u2019\\u00e9tiquettes coll\\u00e9es sur tout ce qui bouge), <strong>Tag4u est officiellement n\\u00e9 en septembre 2024 et lanc\\u00e9 en Juin 2025 avec l'ouverture du site.<\\\/strong>.<\\\/p>\",\"content_en_gb\":\"\n\n<p>This minor inconvenience planted a seed. What if we created labels that were attractive, easy to apply, and truly durable enough to withstand the daily wear and tear of children's lives? The idea slowly matured, between loads of laundry and school bags. After a few months of reflection, testing, prototypes (and labels stuck on everything in sight), Tag4u was officially born in September 2024 and launched in June 2025 with the opening of its website.<\\\/p>\",\"margin\":\"default\"}},{\"type\":\"text\",\"props\":{\"column_breakpoint\":\"m\",\"content\":\"\n\n<p>Aujourd\\u2019hui, nous proposons des <strong>\\u00e9tiquettes personnalis\\u00e9es pour v\\u00eatements<\\\/strong> et objets, con\\u00e7ues en France, et parfaitement adapt\\u00e9es \\u00e0 la cr\\u00e8che, \\u00e0 l\\u2019\\u00e9cole, aux colonies, aux internats ou aux s\\u00e9jours chez les grands-parents.<\\\/p>\",\"content_en_gb\":\"\n\n<p>Today, we offer <strong>personalised labels for clothing<\\\/strong> and other items, designed in France and perfectly suited for nurseries, schools, summer camps, boarding schools or stays with grandparents.<\\\/p>\",\"margin\":\"default\"}}]}]}]}],\"version\":\"4.4.8\"} --><\/p>\n","protected":false},"excerpt":{"rendered":"<p>Notre histoire L\u2019id\u00e9e de Tag4u est n\u00e9e d\u2019un petit impr\u00e9vu\u2026 et d\u2019un grand voyage. En 2023, l\u2019un de nos enfants est parti en s\u00e9jour scolaire dans une \u00e9cole anglaise. Soucieux de tout pr\u00e9parer au mieux, nous avions soigneusement \u00e9tiquet\u00e9 ses v\u00eatements avec des \u00e9tiquettes achet\u00e9es en mercerie. Malheureusement, apr\u00e8s le tout premier lavage, elles avaient [&hellip;]<\/p>\n","protected":false},"author":1,"featured_media":0,"parent":0,"menu_order":0,"comment_status":"closed","ping_status":"closed","template":"","meta":{"_acf_changed":false,"footnotes":""},"class_list":["post-656","page","type-page","status-publish","hentry"],"acf":[],"_links":{"self":[{"href":"https:\/\/www.tag4u.fr\/en\/wp-json\/wp\/v2\/pages\/656","targetHints":{"allow":["GET"]}}],"collection":[{"href":"https:\/\/www.tag4u.fr\/en\/wp-json\/wp\/v2\/pages"}],"about":[{"href":"https:\/\/www.tag4u.fr\/en\/wp-json\/wp\/v2\/types\/page"}],"author":[{"embeddable":true,"href":"https:\/\/www.tag4u.fr\/en\/wp-json\/wp\/v2\/users\/1"}],"replies":[{"embeddable":true,"href":"https:\/\/www.tag4u.fr\/en\/wp-json\/wp\/v2\/comments?post=656"}],"version-history":[{"count":6,"href":"https:\/\/www.tag4u.fr\/en\/wp-json\/wp\/v2\/pages\/656\/revisions"}],"predecessor-version":[{"id":995,"href":"https:\/\/www.tag4u.fr\/en\/wp-json\/wp\/v2\/pages\/656\/revisions\/995"}],"wp:attachment":[{"href":"https:\/\/www.tag4u.fr\/en\/wp-json\/wp\/v2\/media?parent=656"}],"curies":[{"name":"wp","href":"https:\/\/api.w.org\/{rel}","templated":true}]}}