{"id":144,"date":"2025-06-30T08:10:21","date_gmt":"2025-06-30T06:10:21","guid":{"rendered":"http:\/\/localhost\/tag4u\/?post_type=product&#038;p=144"},"modified":"2026-01-28T10:54:49","modified_gmt":"2026-01-28T09:54:49","slug":"etiquettes-thermocollantes-ronde","status":"publish","type":"product","link":"https:\/\/www.tag4u.fr\/en\/product\/iron-on-labels-round\/","title":{"rendered":"iron-on labels Round"},"content":{"rendered":"<h1>\u00c9tiquettes thermocollantes<\/h1>\n<h2>ronde<\/h2>\n<table>\n<thead>\n<tr>\n<th>Nombre d&#8217;exemplaires<\/th>\n<th><\/th>\n<\/tr>\n<\/thead>\n<tbody>\n<tr>\n<td>12 paires de chaussettes<\/td>\n<td>\n<p>6.00 \u20ac<\/p>\n<\/td>\n<\/tr>\n<tr>\n<td>24 paires de chaussettes<\/td>\n<td>\n<p>10.00 \u20ac<\/p>\n<\/td>\n<\/tr>\n<\/tbody>\n<\/table>\n<ul>\n<li>\n<p>        <img decoding=\"async\" src=\"\/wp-content\/uploads\/2025\/05\/oeko-tex.svg\" alt=\"\"><\/p>\n<\/li>\n<li>\n<p>        <img decoding=\"async\" src=\"\/wp-content\/uploads\/2025\/05\/ul-greenguard-certification.svg\" alt=\"\"><\/p>\n<\/li>\n<\/ul>\n<div>\n<p>Nos \u00e9tiquettes thermocollantes sont certifi\u00e9es OEKO-TEX\u00ae pour garantir l&#8217;absence de substances toxiques et GREENGUARD pour des \u00e9missions r\u00e9duites, id\u00e9ales pour les enfants et un environnement sain.<\/p>\n<\/div>\n<p>\n    <a href=\"#section-configuration\">Acheter et configurer<\/a>\n<\/p>\n<h5>Ma personnalisation<\/h5>\n<div>\n<div id=\"preview-wrapper\"><\/div>\n<\/div>\n<div>Pr\u00e9visualisation non contractuelle<br \/>Nous adapterons<br \/>\nvotre texte et image avec pr\u00e9cision<\/div>\n<div>(16 mm x 16 mm ou diam\u00e8tre)<\/div>\n<div>\n<div id=\"container_configuration\"><\/div>\n<\/div>\n<ul>\n<li>\n<h3>Description<\/h3>\n<div>\n<p>Ces \u00e9tiquettes v\u00eatements se posent facilement, gr\u00e2ce \u00e0 la chaleur d\u2019un fer \u00e0 repasser, en moins de 10 secondes.<br \/>leur pose est facile : elles se fondent directement sur le tissu, pulls, cagoule, vestes, manteaux, casquettes<\/p>\n<p>Vous pouvez \u00e9galement les utiliser pour vos draps en indiquant les dimensions.<\/p>\n<p>Ces \u00e9tiquettes sont con\u00e7ues pour r\u00e9sister plusieurs ann\u00e9es aux lavages et s\u00e9chages en machine.<\/p>\n<\/div>\n<\/li>\n<li>\n<h3>Mode d&#8217;emploi<\/h3>\n<div>\n<p><strong>Pour bien thermocoller !<\/strong><\/p>\n<p>Enlever l\u2019\u00e9tiquette thermocollante de son support et la placer sur le v\u00eatement \u00e0 l\u2019endroit choisi en \u00e9vitant les zones \u00e9lastiques.(c&#8217;est possible mais cela ne donne pas un bon rendu).<\/p>\n<p>Prot\u00e9ger l\u2019\u00e9tiquette avec le papier anti-adh\u00e9rent fourni.<\/p>\n<p>Attention a ne pas activer la fonction vapeur de votre fer. Appliquer fortement sans bouger 10\/12 secondes Laisser<\/p>\n<p>le papier anti-adh\u00e9rent refroidir avant de le retirer. Votre \u00e9tiquette est fix\u00e9e !<\/p>\n<p><strong>ATTENTION :<\/strong><\/p>\n<p>Il est important que la temp\u00e9rature du fer soit suffisamment \u00e9lev\u00e9e et de laisser le fer pos\u00e9 sur le v\u00eatement pendant 10 secondes minimum pour que la pose soit r\u00e9ussie. Il n&#8217;est pas recommand\u00e9 d&#8217;utiliser un fer trop chaud ou effectuer un temps de fixation trop long qui endommagerait l&#8217;\u00e9tiquette.<\/p>\n<p>Attendre 24H minimum avant le premier passage en machine \u00e0 laver \/ s\u00e8che-linge. Lavage en machine \u00e0 60\u00b0C maximum.<\/p>\n<p>Ne jamais placer le fer directement sur les \u00e9tiquettes : utiliser le papier fourni ou a d\u00e9fault un papier cuisson sulfuris\u00e9.<\/p>\n<p><strong>Astuces:<\/strong><\/p>\n<p>Il este plus simple de poser l&#8217;\u00e9tiquette avec le v\u00eatement retourn\u00e9e pour les tee-shirt, polo, cale\u00e7on<\/p>\n<\/div>\n<\/li>\n<li>\n<h3>Avis<\/h3>\n<div>Pas d&#8217;avis<\/div>\n<\/li>\n<\/ul>\n<h2>Produits similaires<\/h2>\n<ul>\n<li>\n<h3>\u00c9tiquettes thermocollantes<\/h3>\n<h3>mini<\/h3>\n<\/li>\n<li>\n<h3>\u00c9tiquettes thermocollantes<\/h3>\n<h3>1 ligne<\/h3>\n<\/li>\n<li>\n<h3>\u00c9tiquettes thermocollantes<\/h3>\n<h3>2 lignes<\/h3>\n<\/li>\n<li>\n<h3>\u00c9tiquettes thermocollantes<\/h3>\n<h3>petite 2 lignes<\/h3>\n<\/li>\n<\/ul>\n<p><!--more--><br \/>\n<!-- {\"type\":\"layout\",\"children\":[{\"type\":\"section\",\"props\":{\"class\":\"section-breadcrumbs uk-visible@m\",\"html_element\":\"section\",\"image_position\":\"center-center\",\"padding_remove_bottom\":true,\"style\":\"default\",\"title_breakpoint\":\"xl\",\"title_position\":\"top-left\",\"title_rotation\":\"left\",\"vertical_align\":\"middle\",\"width\":\"default\"},\"children\":[{\"type\":\"row\",\"children\":[{\"type\":\"column\",\"props\":{\"image_position\":\"center-center\",\"position_sticky_breakpoint\":\"m\"},\"children\":[{\"type\":\"breadcrumbs\",\"props\":{\"show_current\":true,\"show_home\":true}}]}]}]},{\"type\":\"section\",\"props\":{\"html_element\":\"section\",\"id\":\"section-product-header\",\"image_position\":\"center-center\",\"padding\":\"xsmall\",\"style\":\"default\",\"title_breakpoint\":\"xl\",\"title_position\":\"top-left\",\"title_rotation\":\"left\",\"vertical_align\":\"middle\",\"width\":\"default\"},\"children\":[{\"type\":\"row\",\"props\":{\"layout\":\"1-2,1-2\"},\"children\":[{\"type\":\"column\",\"props\":{\"image_position\":\"center-center\",\"position_sticky_breakpoint\":\"m\",\"width_medium\":\"1-2\"},\"children\":[{\"type\":\"woo_images\",\"props\":{\"maxwidth\":\"large\"}}]},{\"type\":\"column\",\"props\":{\"image_position\":\"center-center\",\"position_sticky_breakpoint\":\"m\",\"width_medium\":\"1-2\"},\"children\":[{\"type\":\"headline\",\"props\":{\"class\":\"title\",\"content\":\"\\u00c9tiquettes thermocollantes\",\"content_en_gb\":\"Iron-on labels\",\"margin_remove_bottom\":true,\"title_color\":\"primary\",\"title_element\":\"h1\",\"title_style\":\"h2\"}},{\"type\":\"headline\",\"props\":{\"class\":\"sub-title\",\"content\":\"ronde\",\"content_en_gb\":\"round\",\"margin_remove_top\":true,\"title_element\":\"h2\",\"title_style\":\"h2\"}},{\"type\":\"woo_description\",\"props\":{\"description\":\"short_description\"}},{\"type\":\"fragment\",\"props\":{\"margin\":\"default\"},\"children\":[{\"type\":\"row\",\"props\":{\"layout\":\"1-2,1-2\"},\"children\":[{\"type\":\"column\",\"props\":{\"image_position\":\"center-center\",\"position_sticky_breakpoint\":\"m\",\"width_medium\":\"1-2\"},\"children\":[{\"type\":\"table\",\"props\":{\"class\":\"product-table-price\",\"content_style\":\"text-meta\",\"image_svg_color\":\"emphasis\",\"link_style\":\"default\",\"link_text\":\"Read more\",\"meta_style\":\"text-meta\",\"show_content\":true,\"show_image\":false,\"show_link\":false,\"show_meta\":false,\"show_title\":true,\"table_head_title\":\"Nombre d'exemplaires\",\"table_head_title_en_gb\":\"Number of copies\",\"table_hover\":false,\"table_justify\":true,\"table_order\":\"1\",\"table_responsive\":\"overflow\",\"table_size\":\"small\",\"table_style\":\"striped\",\"table_vertical_align\":true,\"table_width_meta\":\"shrink\",\"table_width_title\":\"shrink\"},\"children\":[{\"type\":\"table_item\",\"props\":{\"content\":\"\n\n<p>6.00 \\u20ac<\\\/p>\",\"title\":\"12 paires de chaussettes\",\"title_en_gb\":\"12 pairs of socks\"}},{\"type\":\"table_item\",\"props\":{\"content\":\"\n\n<p>10.00 \\u20ac<\\\/p>\",\"title\":\"24 paires de chaussettes\",\"title_en_gb\":\"24 pairs of socks\"}}]}]},{\"type\":\"column\",\"props\":{\"class\":\"product-norme\",\"image_position\":\"center-center\",\"position_sticky_breakpoint\":\"m\",\"width_medium\":\"1-2\"},\"children\":[{\"type\":\"gallery\",\"props\":{\"class\":\"norme-image\",\"filter_align\":\"left\",\"filter_all\":true,\"filter_grid_breakpoint\":\"m\",\"filter_grid_width\":\"auto\",\"filter_position\":\"top\",\"filter_style\":\"tab\",\"grid_default\":\"2\",\"grid_medium\":\"3\",\"item_animation\":true,\"link_style\":\"default\",\"link_text\":\"Read more\",\"margin\":\"default\",\"meta_align\":\"below-title\",\"meta_element\":\"div\",\"meta_style\":\"text-meta\",\"overlay_hover\":true,\"overlay_mode\":\"cover\",\"overlay_position\":\"center\",\"overlay_style\":\"overlay-primary\",\"overlay_transition\":\"fade\",\"show_content\":false,\"show_hover_image\":false,\"show_hover_video\":false,\"show_link\":false,\"show_meta\":false,\"show_title\":false,\"text_align\":\"center\",\"text_color\":\"light\",\"title_element\":\"h3\",\"title_hover_style\":\"reset\"},\"children\":[{\"type\":\"gallery_item\",\"props\":{\"image\":\"wp-content\\\/uploads\\\/2025\\\/05\\\/oeko-tex.svg\"}},{\"type\":\"gallery_item\",\"props\":{\"image\":\"wp-content\\\/uploads\\\/2025\\\/05\\\/ul-greenguard-certification.svg\"}}]},{\"type\":\"text\",\"props\":{\"class\":\"norme-text\",\"column_breakpoint\":\"m\",\"content\":\"\n\n<p>Nos \\u00e9tiquettes thermocollantes sont certifi\\u00e9es OEKO-TEX\\u00ae pour garantir l'absence de substances toxiques et GREENGUARD pour des \\u00e9missions r\\u00e9duites, id\\u00e9ales pour les enfants et un environnement sain.<\\\/p>\",\"content_en_gb\":\"\n\n<p>Our iron-on labels are OEKO-TEX\\u00ae certified to guarantee the absence of toxic substances and GREENGUARD certified for reduced emissions, making them ideal for children and a healthy environment.<\\\/p>\",\"margin\":\"default\"}}]}]}],\"name\":\"sub thermo table finale\"},{\"type\":\"button\",\"props\":{\"grid_column_gap\":\"small\",\"grid_row_gap\":\"small\",\"margin\":\"default\",\"text_align\":\"center\"},\"children\":[{\"type\":\"button_item\",\"props\":{\"button_style\":\"primary\",\"content\":\"Acheter et configurer\",\"content_en_gb\":\"Buy and configure\",\"icon\":\"arrow-down\",\"icon_align\":\"left\",\"link\":\"#section-configuration\",\"link_title\":\"Acteter\",\"link_title_en_gb\":\"Buy\"}}]}]}]}]},{\"type\":\"section\",\"props\":{\"html_element\":\"section\",\"id\":\"section-configuration\",\"image_position\":\"center-center\",\"style\":\"default\",\"title_breakpoint\":\"xl\",\"title_position\":\"top-left\",\"title_rotation\":\"left\",\"vertical_align\":\"middle\",\"width\":\"default\"},\"children\":[{\"type\":\"row\",\"children\":[{\"type\":\"column\",\"props\":{\"image_position\":\"center-center\",\"position_sticky_breakpoint\":\"m\"},\"children\":[{\"type\":\"headline\",\"props\":{\"content\":\"Ma personnalisation\",\"content_en_gb\":\"My personalisation\",\"id\":\"tag4u_headline\",\"text_align\":\"center\",\"title_color\":\"muted\",\"title_decoration\":\"line\",\"title_element\":\"h5\",\"title_style\":\"h5\"}},{\"type\":\"html\",\"props\":{\"class\":\"thermo_4\",\"content\":\"\n\n<div id=\\\"preview-wrapper\\\"><\\\/div>\",\"id\":\"tag4u_preview_wrapper\"},\"name\":\"preview wrapper\"},{\"type\":\"text\",\"props\":{\"column_breakpoint\":\"m\",\"content\":\"Pr\\u00e9visualisation non contractuelle<br\\\/>Nous adapterons\\nvotre texte et image avec pr\\u00e9cision\",\"content_en_gb\":\"Non-binding preview<br\\\/>We will adapt\\nyour text and image with precision\",\"id\":\"tag4u_text_contractuelle\",\"margin\":\"default\",\"text_align\":\"center\",\"text_color\":\"muted\",\"text_style\":\"small\"},\"name\":\"text contractuelle\"},{\"type\":\"text\",\"props\":{\"column_breakpoint\":\"m\",\"content\":\"(16 mm x 16 mm ou diam\\u00e8tre)\",\"content_en_gb\":\"(16 mm x 16 mm or diameter)\",\"id\":\"ta4u_taille\",\"margin\":\"default\",\"text_align\":\"center\",\"text_color\":\"muted\",\"text_style\":\"small\"},\"name\":\"taille\"},{\"type\":\"html\",\"props\":{\"content\":\"\n\n<div id=\\\"container_configuration\\\"><\\\/div>\",\"id\":\"tag4_container_configuration\"}},{\"type\":\"woo_add_to_cart\"}]}]}]},{\"type\":\"section\",\"props\":{\"class\":\"section-switcher\",\"html_element\":\"section\",\"image_position\":\"center-center\",\"style\":\"default\",\"title_breakpoint\":\"xl\",\"title_position\":\"top-left\",\"title_rotation\":\"left\",\"vertical_align\":\"middle\",\"width\":\"default\"},\"children\":[{\"type\":\"row\",\"children\":[{\"type\":\"column\",\"props\":{\"image_position\":\"center-center\",\"position_sticky_breakpoint\":\"m\"},\"children\":[{\"type\":\"switcher\",\"props\":{\"content_column_breakpoint\":\"m\",\"image_align\":\"top\",\"image_grid_breakpoint\":\"m\",\"image_grid_width\":\"1-2\",\"image_svg_color\":\"emphasis\",\"link_style\":\"default\",\"link_text\":\"Read more\",\"margin\":\"default\",\"meta_align\":\"below-title\",\"meta_element\":\"div\",\"meta_style\":\"text-meta\",\"nav\":\"tab\",\"nav_align\":\"left\",\"nav_grid_breakpoint\":\"m\",\"nav_grid_width\":\"auto\",\"nav_position\":\"top\",\"show_content\":true,\"show_image\":true,\"show_label\":true,\"show_link\":true,\"show_meta\":true,\"show_thumbnail\":true,\"show_title\":false,\"switcher_animation\":\"fade\",\"switcher_height\":false,\"thumbnav_height\":\"75\",\"thumbnav_svg_color\":\"emphasis\",\"thumbnav_width\":\"100\",\"title_align\":\"top\",\"title_element\":\"h3\",\"title_grid_breakpoint\":\"m\",\"title_grid_width\":\"1-2\"},\"children\":[{\"type\":\"switcher_item\",\"props\":{\"content\":\"\n\n<p>Ces \\u00e9tiquettes v\\u00eatements se posent facilement, gr\\u00e2ce \\u00e0 la chaleur d\\u2019un fer \\u00e0 repasser, en moins de 10 secondes.<br \\\/>leur pose est facile : elles se fondent directement sur le tissu, pulls, cagoule, vestes, manteaux, casquettes<\\\/p>\\n\n\n<p>Vous pouvez \\u00e9galement les utiliser pour vos draps en indiquant les dimensions.<\\\/p>\\n\n\n<p>Ces \\u00e9tiquettes sont con\\u00e7ues pour r\\u00e9sister plusieurs ann\\u00e9es aux lavages et s\\u00e9chages en machine.<\\\/p>\",\"title\":\"Description\"}},{\"type\":\"switcher_item\",\"props\":{\"content\":\"\n\n<p><strong>Pour bien thermocoller !<\\\/strong><\\\/p>\\n\n\n<p>Enlever l\\u2019\\u00e9tiquette thermocollante de son support et la placer sur le v\\u00eatement \\u00e0 l\\u2019endroit choisi en \\u00e9vitant les zones \\u00e9lastiques.(c'est possible mais cela ne donne pas un bon rendu).<\\\/p>\\n\n\n<p>Prot\\u00e9ger l\\u2019\\u00e9tiquette avec le papier anti-adh\\u00e9rent fourni.<\\\/p>\\n\n\n<p>Attention a ne pas activer la fonction vapeur de votre fer. Appliquer fortement sans bouger 10\\\/12 secondes Laisser<\\\/p>\\n\n\n<p>le papier anti-adh\\u00e9rent refroidir avant de le retirer. Votre \\u00e9tiquette est fix\\u00e9e !<\\\/p>\\n\n\n<p><strong>ATTENTION :<\\\/strong><\\\/p>\\n\n\n<p>Il est important que la temp\\u00e9rature du fer soit suffisamment \\u00e9lev\\u00e9e et de laisser le fer pos\\u00e9 sur le v\\u00eatement pendant 10 secondes minimum pour que la pose soit r\\u00e9ussie. Il n'est pas recommand\\u00e9 d'utiliser un fer trop chaud ou effectuer un temps de fixation trop long qui endommagerait l'\\u00e9tiquette.<\\\/p>\\n\n\n<p>Attendre 24H minimum avant le premier passage en machine \\u00e0 laver \\\/ s\\u00e8che-linge. Lavage en machine \\u00e0 60\\u00b0C maximum.<\\\/p>\\n\n\n<p>Ne jamais placer le fer directement sur les \\u00e9tiquettes : utiliser le papier fourni ou a d\\u00e9fault un papier cuisson sulfuris\\u00e9.<\\\/p>\\n\n\n<p><strong>Astuces:<\\\/strong><\\\/p>\\n\n\n<p>Il este plus simple de poser l'\\u00e9tiquette avec le v\\u00eatement retourn\\u00e9e pour les tee-shirt, polo, cale\\u00e7on<\\\/p>\",\"content_en_gb\":\"\n\n<p><strong>How to iron on labels correctly!<\\\/strong><\\\/p>\\n\n\n<p>Remove the iron-on label from its backing and place it on the garment in the desired location, avoiding elasticated areas (it is possible to iron on labels to these areas, but the result will not be as good).<\\\/p>\\n\n\n<p>Protect the label with the non-stick paper provided.<\\\/p>\\n\n\n<p>Be careful not to activate the steam function on your iron. Press down firmly without moving for 10-12 seconds. Allow<\\\/p>\\n\n\n<p>the non-stick paper to cool before removing it. Your label is now attached!<\\\/p>\\n\n\n<p><strong>CAUTION:<\\\/strong><\\\/p>\\n\n\n<p>It is important that the iron is hot enough and that you leave it on the garment for at least 10 seconds to ensure successful application. Do not use an iron that is too hot or leave it on for too long, as this may damage the label.\\n\n\n<p>Wait at least 24 hours before washing or tumble drying for the first time. Machine wash at 60\\u00b0C maximum.\\n\n\n<p>Never place the iron directly on the labels: use the paper provided or, failing that, baking paper.\\n\n\n<p><strong>Tips:<\\\/strong><\\\/p>\\n\n\n<p>It is easier to apply the label with the garment turned inside out for T-shirts, polo shirts and boxer shorts.<\\\/p>\",\"title\":\"Mode d'emploi\",\"title_en_gb\":\"Instructions for use\"}},{\"type\":\"switcher_item\",\"props\":{\"content\":\"Pas d'avis\",\"content_en_gb\":\"No reviews yet\",\"title\":\"Avis\",\"title_en_gb\":\"Reviews\"}}]}]}]}]},{\"type\":\"section\",\"props\":{\"class\":\"section-related\",\"html_element\":\"section\",\"image_position\":\"center-center\",\"style\":\"default\",\"title_breakpoint\":\"xl\",\"title_position\":\"top-left\",\"title_rotation\":\"left\",\"vertical_align\":\"middle\",\"width\":\"default\"},\"children\":[{\"type\":\"row\",\"children\":[{\"type\":\"column\",\"props\":{\"image_position\":\"center-center\",\"position_sticky_breakpoint\":\"m\"},\"children\":[{\"type\":\"headline\",\"props\":{\"content\":\"Produits similaires\",\"content_en_gb\":\"Similar products\",\"title_element\":\"h2\",\"title_style\":\"h2\"}},{\"type\":\"grid_t4u\",\"props\":{\"content_column_breakpoint\":\"m\",\"filter_align\":\"left\",\"filter_all\":true,\"filter_grid_breakpoint\":\"m\",\"filter_grid_width\":\"auto\",\"filter_position\":\"top\",\"filter_style\":\"tab\",\"grid_default\":\"2\",\"grid_medium\":\"4\",\"icon_width\":80,\"image_align\":\"top\",\"image_grid_breakpoint\":\"m\",\"image_grid_width\":\"1-2\",\"image_link\":true,\"image_svg_color\":\"emphasis\",\"item_animation\":true,\"link_style\":\"link-text\",\"link_text\":\"Read more\",\"margin\":\"default\",\"meta_align\":\"below-title\",\"meta_element\":\"div\",\"meta_style\":\"text-meta\",\"panel_link\":true,\"show_content\":true,\"show_image\":true,\"show_link\":true,\"show_meta\":true,\"show_start_price\":true,\"show_sub_title\":true,\"show_title\":true,\"sub_title_element\":\"h3\",\"title_align\":\"top\",\"title_element\":\"h3\",\"title_grid_breakpoint\":\"m\",\"title_grid_width\":\"1-2\",\"title_hover_style\":\"reset\",\"title_style\":\"h3\"},\"children\":[{\"type\":\"grid_t4u_item\",\"props\":{\"sub_title\":\"mini\",\"title\":\"\\u00c9tiquettes thermocollantes\",\"title_en_gb\":\"Iron-on labels\"},\"source\":{\"query\":{\"name\":\"products.customProduct\",\"arguments\":{\"terms\":[],\"product_brand_operator\":\"IN\",\"product_cat_operator\":\"IN\",\"product_tag_operator\":\"IN\",\"product_visibility_operator\":\"IN\",\"users\":[],\"users_operator\":\"IN\",\"offset\":0,\"order\":\"date\",\"order_direction\":\"DESC\",\"id\":139}},\"props\":{\"start_price\":{\"filters\":{\"search\":\"\",\"before\":\"\\u00c0 partir de&nbsp; \",\"after\":\"&nbsp;\\u20ac\"},\"name\":\"field.start_price\"},\"image\":{\"filters\":{\"search\":\"\"},\"name\":\"featuredImage.url\"},\"link\":{\"filters\":{\"search\":\"\"},\"name\":\"link\"},\"start_price_en_gb\":{\"filters\":{\"search\":\"\",\"before\":\"Starting at&nbsp; \",\"after\":\"\\u20ac\"},\"name\":\"field.start_price\"}}}},{\"type\":\"grid_t4u_item\",\"props\":{\"sub_title\":\"1 ligne\",\"title\":\"\\u00c9tiquettes thermocollantes\",\"title_en_gb\":\"Iron-on labels\"},\"source\":{\"query\":{\"name\":\"products.customProduct\",\"arguments\":{\"terms\":[],\"product_brand_operator\":\"IN\",\"product_cat_operator\":\"IN\",\"product_tag_operator\":\"IN\",\"product_visibility_operator\":\"IN\",\"users\":[],\"users_operator\":\"IN\",\"offset\":0,\"order\":\"date\",\"order_direction\":\"DESC\",\"id\":73}},\"props\":{\"start_price\":{\"filters\":{\"search\":\"\",\"before\":\"\\u00c0 partir de&nbsp; \",\"after\":\"&nbsp;\\u20ac\"},\"name\":\"field.start_price\"},\"image\":{\"filters\":{\"search\":\"\"},\"name\":\"featuredImage.url\"},\"link\":{\"filters\":{\"search\":\"\"},\"name\":\"link\"},\"start_price_en_gb\":{\"filters\":{\"search\":\"\",\"before\":\"Starting at&nbsp; \",\"after\":\"\\u20ac\"},\"name\":\"field.start_price\"}}}},{\"type\":\"grid_t4u_item\",\"props\":{\"sub_title\":\"2 lignes\",\"title\":\"\\u00c9tiquettes thermocollantes\",\"title_en_gb\":\"Iron-on labels\"},\"source\":{\"query\":{\"name\":\"products.customProduct\",\"arguments\":{\"terms\":[],\"product_brand_operator\":\"IN\",\"product_cat_operator\":\"IN\",\"product_tag_operator\":\"IN\",\"product_visibility_operator\":\"IN\",\"users\":[],\"users_operator\":\"IN\",\"offset\":0,\"order\":\"date\",\"order_direction\":\"DESC\",\"id\":135}},\"props\":{\"start_price\":{\"filters\":{\"search\":\"\",\"before\":\"\\u00c0 partir de&nbsp; \",\"after\":\"&nbsp;\\u20ac\"},\"name\":\"field.start_price\"},\"image\":{\"filters\":{\"search\":\"\"},\"name\":\"featuredImage.url\"},\"link\":{\"filters\":{\"search\":\"\"},\"name\":\"link\"},\"start_price_en_gb\":{\"filters\":{\"search\":\"\",\"before\":\"Starting at&nbsp; \",\"after\":\"\\u20ac\"},\"name\":\"field.start_price\"}}}},{\"type\":\"grid_t4u_item\",\"props\":{\"sub_title\":\"petite 2 lignes\",\"title\":\"\\u00c9tiquettes thermocollantes\",\"title_en_gb\":\"Iron-on labels\"},\"source\":{\"query\":{\"name\":\"products.customProduct\",\"arguments\":{\"terms\":[],\"product_brand_operator\":\"IN\",\"product_cat_operator\":\"IN\",\"product_tag_operator\":\"IN\",\"product_visibility_operator\":\"IN\",\"users\":[],\"users_operator\":\"IN\",\"offset\":0,\"order\":\"date\",\"order_direction\":\"DESC\",\"id\":402}},\"props\":{\"start_price\":{\"filters\":{\"search\":\"\",\"before\":\"\\u00c0 partir de&nbsp; \",\"after\":\"&nbsp;\\u20ac\"},\"name\":\"field.start_price\"},\"image\":{\"filters\":{\"search\":\"\"},\"name\":\"featuredImage.url\"},\"link\":{\"filters\":{\"search\":\"\"},\"name\":\"link\"},\"start_price_en_gb\":{\"filters\":{\"search\":\"\",\"before\":\"Starting at&nbsp; \",\"after\":\"\\u20ac\"},\"name\":\"field.start_price\"}}}}],\"name\":\"related grid tag4u\"}]}]}]}],\"version\":\"4.4.8\"} --><\/p>\n","protected":false},"excerpt":{"rendered":"<p>Small, <strong>round<\/strong> and ultra-practical, our iron-on clothing labels are perfect for marking the whole family&#8217;s clothes, even the smallest ones such as socks, underwear or baby clothes.<br \/>\nEasy to apply with a simple iron, they hold securely on the fabric, even after many washes.<br \/>\nEach family member can have their own pack, personalized with their <strong>initials and color<\/strong>, for clear and quick identification.<br \/>\nDiscreet and durable, they avoid losses, exchanges and simplify daily life in the nursery, school, camp or retirement home.<br \/>\n<strong>A simple, colourful and reliable solution<\/strong> to never mix things up at home or away again.<\/p>\n","protected":false},"featured_media":899,"comment_status":"open","ping_status":"closed","template":"","meta":{"_acf_changed":false},"product_brand":[],"product_cat":[17],"product_tag":[],"class_list":{"0":"post-144","1":"product","2":"type-product","3":"status-publish","4":"has-post-thumbnail","6":"product_cat-iron-on-labels","8":"first","9":"instock","10":"sold-individually","11":"taxable","12":"shipping-taxable","13":"purchasable","14":"product-type-simple"},"acf":[],"_links":{"self":[{"href":"https:\/\/www.tag4u.fr\/en\/wp-json\/wp\/v2\/product\/144","targetHints":{"allow":["GET"]}}],"collection":[{"href":"https:\/\/www.tag4u.fr\/en\/wp-json\/wp\/v2\/product"}],"about":[{"href":"https:\/\/www.tag4u.fr\/en\/wp-json\/wp\/v2\/types\/product"}],"replies":[{"embeddable":true,"href":"https:\/\/www.tag4u.fr\/en\/wp-json\/wp\/v2\/comments?post=144"}],"wp:featuredmedia":[{"embeddable":true,"href":"https:\/\/www.tag4u.fr\/en\/wp-json\/wp\/v2\/media\/899"}],"wp:attachment":[{"href":"https:\/\/www.tag4u.fr\/en\/wp-json\/wp\/v2\/media?parent=144"}],"wp:term":[{"taxonomy":"product_brand","embeddable":true,"href":"https:\/\/www.tag4u.fr\/en\/wp-json\/wp\/v2\/product_brand?post=144"},{"taxonomy":"product_cat","embeddable":true,"href":"https:\/\/www.tag4u.fr\/en\/wp-json\/wp\/v2\/product_cat?post=144"},{"taxonomy":"product_tag","embeddable":true,"href":"https:\/\/www.tag4u.fr\/en\/wp-json\/wp\/v2\/product_tag?post=144"}],"curies":[{"name":"wp","href":"https:\/\/api.w.org\/{rel}","templated":true}]}}