{"id":147,"date":"2025-06-20T13:01:02","date_gmt":"2025-06-20T11:01:02","guid":{"rendered":"http:\/\/localhost\/tag4u\/?post_type=product&#038;p=147"},"modified":"2026-01-28T11:13:18","modified_gmt":"2026-01-28T10:13:18","slug":"etiquettes-autocollantes-1-ligne","status":"publish","type":"product","link":"https:\/\/www.tag4u.fr\/en\/product\/self-adhesive-labels-1-line\/","title":{"rendered":"Self-adhesive labels 1 line"},"content":{"rendered":"<h1>\u00c9tiquettes autocollantes<\/h1>\n<h2>petite 1 ligne<\/h2>\n<table>\n<thead>\n<tr>\n<th>Nombre d&#8217;exemplaires<\/th>\n<th><\/th>\n<\/tr>\n<\/thead>\n<tbody>\n<tr>\n<td>24 ex.<\/td>\n<td>\n<p>5.50 \u20ac<\/p>\n<\/td>\n<\/tr>\n<tr>\n<td>48 ex.<\/td>\n<td>\n<p>10.00 \u20ac<\/p>\n<\/td>\n<\/tr>\n<tr>\n<td>72 ex.<\/td>\n<td>\n<p>13.50 \u20ac<\/p>\n<\/td>\n<\/tr>\n<tr>\n<td>96 ex.<\/td>\n<td>\n<p>15.00 \u20ac<\/p>\n<\/td>\n<\/tr>\n<tr>\n<td>120 ex.<\/td>\n<td>\n<p>17.50 \u20ac<\/p>\n<\/td>\n<\/tr>\n<tr>\n<td>192 ex.<\/td>\n<td>\n<p>22.00 \u20ac<\/p>\n<\/td>\n<\/tr>\n<\/tbody>\n<\/table>\n<div>\n<p>    <img decoding=\"async\" src=\"\/wp-content\/uploads\/2025\/05\/ul-greenguard-certification.svg\" alt=\"\"><\/p>\n<\/div>\n<div>\n<p>Certifi\u00e9es GREENGUARD: \u00e9tiquettes sans substances nocives et \u00e0 faible \u00e9missions, s\u00fbres pour la peau et l&#8217;air int\u00e9rieur.<\/p>\n<\/div>\n<p>\n    <a href=\"#section-configuration\">Acheter et configurer<\/a>\n<\/p>\n<h5>Ma personnalisation<\/h5>\n<div>\n<div id=\"preview-wrapper\"><\/div>\n<\/div>\n<div>Pr\u00e9visualisation non contractuelle<br \/>Nous adapterons<br \/>\nvotre texte et image avec pr\u00e9cision<\/div>\n<div>(35 x 8 mm)<\/div>\n<div>\n<div id=\"container_configuration\"><\/div>\n<\/div>\n<ul>\n<li>\n<h3>Description<\/h3>\n<div>\n<p>Pas besoin de fer \u00e0 repasser ni de couture pour ces \u00e9tiquettes qui se colle en 2 secondes chrono sur l&#8217;\u00e9tiquette de composition , marque ou d&#8217;entretien.<\/p>\n<p><strong>Un petit format\u2026 pour un grand coup de main au quotidien !<\/strong><\/p>\n<p>Nos \u00e9tiquettes autocollantes 1 ligne sont la solution parfaite pour marquer rapidement et simplement tous les v\u00eatements, sans jamais encombrer ni d\u00e9naturer le textile. Ultra discrets, ils se collent facilement et proprement sur l\u2019\u00e9tiquette de marque ou de composition, sans besoin de repassage, de couture ou d\u2019outils sp\u00e9cifiques. C\u2019est la mani\u00e8re la plus rapide et efficace pour identifier les habits, tout en respectant le confort et l\u2019esth\u00e9tique des v\u00eatements.<\/p>\n<p>Que ce soit pour les tout-petits en cr\u00e8che, \u00e0 la maternelle ou \u00e0 l\u2019\u00e9cole, ou encore pour les r\u00e9sidents en EHPAD, ces petites \u00ab\u202ffolies\u202f\u00bb offrent une r\u00e9ponse fiable \u00e0 un probl\u00e8me fr\u00e9quent : la perte ou l\u2019\u00e9change involontaire des v\u00eatements. Pr\u00e9nom, nom ou initiales, tout tient en une seule ligne, mais l\u2019impact est \u00e9norme : vous retrouvez vos affaires facilement, sans stress et sans effort.<\/p>\n<p>Avec celle-ci, le marquage des v\u00eatements devient un geste simple et rapide, accessible \u00e0 tous. Poser une \u00e9tiquette ne prend que quelques secondes seulement, et la tranquillit\u00e9 d\u2019esprit qui en d\u00e9coule dure toute la saison, voire plusieurs ann\u00e9es. R\u00e9sistants et bien adh\u00e9rents, ils tiennent bon m\u00eame apr\u00e8s de multiples lavages et passages au s\u00e8che-linge.<\/p>\n<p>Pour les parents comme pour les structures collectives et les professionnels, c\u2019est une solution pratique, \u00e9conomique et efficace pour garder le contr\u00f4le sur les v\u00eatements et \u00e9viter bien des tracas. Fini les confusions ou les pertes, place \u00e0 une organisation claire gr\u00e2ce \u00e0 ces petites astuces malignes.<\/p>\n<p><strong>Un petit geste pour une grande tranquillit\u00e9.<\/strong> Ces \u00e9tiquettes vous accompagnent au quotidien pour simplifier la vie, sans jamais sacrifier la discr\u00e9tion ni la qualit\u00e9.<\/p>\n<\/div>\n<\/li>\n<li>\n<h3>Mode d&#8217;emploi<\/h3>\n<div>\n<p><strong>Mode d\u2019emploi \u2013 \u00c9tiquettes autocollantes pour v\u00eatements<\/strong><\/p>\n<p>Nos \u00e9tiquettes autocollantes sont con\u00e7ues pour \u00eatre pos\u00e9es facilement, sans repassage ni couture. Pour une tenue optimale, suivez ces quelques \u00e9tapes :<\/p>\n<ol>\n<li>\n<p><strong>Choisissez la bonne surface<\/strong> : l\u2019\u00e9tiquette doit \u00eatre coll\u00e9e sur une \u00e9tiquette de composition, d\u2019entretien ou de marque, en satin ou en polyester, cousue \u00e0 l\u2019int\u00e9rieur du v\u00eatement.<\/p>\n<\/li>\n<li>\n<p><strong>Nettoyez la surface<\/strong> : assurez-vous que l\u2019\u00e9tiquette est propre, s\u00e8che et non rugueuse.<\/p>\n<\/li>\n<li>\n<p><strong>Appliquez l\u2019\u00e9tiquette<\/strong> : d\u00e9collez l\u2019autocollant de son support, positionnez-le soigneusement, puis appuyez fermement avec les doigts pendant quelques secondes.<\/p>\n<p>\u00c9viter toute bulle d\u2019air entre l\u2019\u00e9tiquette et son support.<\/p>\n<\/li>\n<li>\n<p><strong>Laissez reposer 24h<\/strong> avant lavage pour assurer une bonne adh\u00e9rence.<\/p>\n<\/li>\n<\/ol>\n<p>Ces \u00e9tiquettes r\u00e9sistent aux lavages en machine (jusqu\u2019\u00e0 60\u202f\u00b0C) et aux passages au s\u00e8che-linge doux.<\/p>\n<\/div>\n<\/li>\n<li>\n<h3>Avis<\/h3>\n<\/li>\n<\/ul>\n<h2>Produits similaires<\/h2>\n<ul>\n<li>\n<h3>\u00c9tiquettes autocollantes<\/h3>\n<h3>2 lignes (rectangulaires)<\/h3>\n<\/li>\n<li>\n<h3>\u00c9tiquettes autocollantes<\/h3>\n<h3>2 lignes (carr\u00e9es)<\/h3>\n<\/li>\n<\/ul>\n<p><!--more--><br \/>\n<!-- {\"type\":\"layout\",\"children\":[{\"type\":\"section\",\"props\":{\"class\":\"section-breadcrumbs uk-visible@m\",\"html_element\":\"section\",\"image_position\":\"center-center\",\"padding_remove_bottom\":true,\"style\":\"default\",\"title_breakpoint\":\"xl\",\"title_position\":\"top-left\",\"title_rotation\":\"left\",\"vertical_align\":\"middle\",\"width\":\"default\"},\"children\":[{\"type\":\"row\",\"children\":[{\"type\":\"column\",\"props\":{\"image_position\":\"center-center\",\"position_sticky_breakpoint\":\"m\"},\"children\":[{\"type\":\"breadcrumbs\",\"props\":{\"show_current\":true,\"show_home\":true}}]}]}]},{\"type\":\"section\",\"props\":{\"html_element\":\"section\",\"id\":\"section-product-header\",\"image_position\":\"center-center\",\"padding\":\"xsmall\",\"style\":\"default\",\"title_breakpoint\":\"xl\",\"title_position\":\"top-left\",\"title_rotation\":\"left\",\"vertical_align\":\"middle\",\"width\":\"default\"},\"children\":[{\"type\":\"row\",\"props\":{\"layout\":\"1-2,1-2\"},\"children\":[{\"type\":\"column\",\"props\":{\"image_position\":\"center-center\",\"position_sticky_breakpoint\":\"m\",\"width_medium\":\"1-2\"},\"children\":[{\"type\":\"woo_images\",\"props\":{\"maxwidth\":\"large\"}}]},{\"type\":\"column\",\"props\":{\"image_position\":\"center-center\",\"position_sticky_breakpoint\":\"m\",\"width_medium\":\"1-2\"},\"children\":[{\"type\":\"headline\",\"props\":{\"class\":\"title\",\"content\":\"\\u00c9tiquettes autocollantes\",\"content_en_gb\":\"Self-adhesive labels\",\"title_color\":\"primary\",\"title_element\":\"h1\",\"title_style\":\"h2\"}},{\"type\":\"headline\",\"props\":{\"class\":\"sub-title\",\"content\":\"petite 1 ligne\",\"content_en_gb\":\"small 1 line\",\"title_color\":\"primary\",\"title_element\":\"h2\",\"title_style\":\"h2\"}},{\"type\":\"woo_description\",\"props\":{\"description\":\"short_description\"}},{\"type\":\"fragment\",\"props\":{\"margin\":\"default\"},\"children\":[{\"type\":\"row\",\"props\":{\"layout\":\"1-2,1-2\"},\"children\":[{\"type\":\"column\",\"props\":{\"image_position\":\"center-center\",\"position_sticky_breakpoint\":\"m\",\"width_medium\":\"1-2\"},\"children\":[{\"type\":\"table\",\"props\":{\"class\":\"product-table-price\",\"content_style\":\"text-meta\",\"image_svg_color\":\"emphasis\",\"link_style\":\"default\",\"link_text\":\"Read more\",\"meta_style\":\"text-meta\",\"show_content\":true,\"show_image\":false,\"show_link\":false,\"show_meta\":false,\"show_title\":true,\"table_head_title\":\"Nombre d'exemplaires\",\"table_head_title_en_gb\":\"Number of copies\",\"table_hover\":false,\"table_justify\":true,\"table_order\":\"1\",\"table_responsive\":\"overflow\",\"table_size\":\"small\",\"table_style\":\"striped\",\"table_vertical_align\":true,\"table_width_meta\":\"shrink\",\"table_width_title\":\"shrink\"},\"children\":[{\"type\":\"table_item\",\"props\":{\"content\":\"\n\n<p>5.50 \\u20ac<\\\/p>\",\"title\":\"24 ex.\"}},{\"type\":\"table_item\",\"props\":{\"content\":\"\n\n<p>10.00 \\u20ac<\\\/p>\",\"title\":\"48 ex.\"}},{\"type\":\"table_item\",\"props\":{\"content\":\"\n\n<p>13.50 \\u20ac<\\\/p>\",\"title\":\"72 ex.\"}},{\"type\":\"table_item\",\"props\":{\"content\":\"\n\n<p>15.00 \\u20ac<\\\/p>\",\"title\":\"96 ex.\"}},{\"type\":\"table_item\",\"props\":{\"content\":\"\n\n<p>17.50 \\u20ac<\\\/p>\",\"title\":\"120 ex.\"}},{\"type\":\"table_item\",\"props\":{\"content\":\"\n\n<p>22.00 \\u20ac<\\\/p>\",\"title\":\"192 ex.\"}}]}]},{\"type\":\"column\",\"props\":{\"class\":\"product-norme\",\"image_position\":\"center-center\",\"position_sticky_breakpoint\":\"m\",\"width_medium\":\"1-2\"},\"children\":[{\"type\":\"gallery\",\"props\":{\"class\":\"norme-image\",\"filter_align\":\"left\",\"filter_all\":true,\"filter_grid_breakpoint\":\"m\",\"filter_grid_width\":\"auto\",\"filter_position\":\"top\",\"filter_style\":\"tab\",\"grid_default\":\"2\",\"grid_medium\":\"3\",\"item_animation\":true,\"link_style\":\"default\",\"link_text\":\"Read more\",\"margin\":\"default\",\"meta_align\":\"below-title\",\"meta_element\":\"div\",\"meta_style\":\"text-meta\",\"overlay_hover\":true,\"overlay_mode\":\"cover\",\"overlay_position\":\"center\",\"overlay_style\":\"overlay-primary\",\"overlay_transition\":\"fade\",\"show_content\":false,\"show_hover_image\":false,\"show_hover_video\":false,\"show_link\":false,\"show_meta\":false,\"show_title\":false,\"text_align\":\"center\",\"text_color\":\"light\",\"title_element\":\"h3\",\"title_hover_style\":\"reset\"},\"children\":[{\"type\":\"gallery_item\",\"props\":{\"image\":\"wp-content\\\/uploads\\\/2025\\\/05\\\/ul-greenguard-certification.svg\"}}]},{\"type\":\"text\",\"props\":{\"class\":\"norme-text\",\"column_breakpoint\":\"m\",\"content\":\"\n\n<p>Certifi\\u00e9es GREENGUARD: \\u00e9tiquettes sans substances nocives et \\u00e0 faible \\u00e9missions, s\\u00fbres pour la peau et l'air int\\u00e9rieur.<\\\/p>\",\"content_en_gb\":\"\n\n<p>GREENGUARD certified: labels free from harmful substances and low in emissions, safe for the skin and indoor air.\\n<\\\/p>\",\"margin\":\"default\"}}]}]}],\"name\":\"sub thermo table finale\"},{\"type\":\"button\",\"props\":{\"grid_column_gap\":\"small\",\"grid_row_gap\":\"small\",\"margin\":\"default\",\"text_align\":\"center\"},\"children\":[{\"type\":\"button_item\",\"props\":{\"button_style\":\"primary\",\"content\":\"Acheter et configurer\",\"content_en_gb\":\"Buy and configure\",\"icon\":\"arrow-down\",\"icon_align\":\"left\",\"link\":\"#section-configuration\",\"link_title\":\"Acteter\",\"link_title_en_gb\":\"Buy\"}}]}]}]}]},{\"type\":\"section\",\"props\":{\"id\":\"section-configuration\",\"image_position\":\"center-center\",\"style\":\"default\",\"title_breakpoint\":\"xl\",\"title_position\":\"top-left\",\"title_rotation\":\"left\",\"vertical_align\":\"middle\",\"width\":\"default\"},\"children\":[{\"type\":\"row\",\"children\":[{\"type\":\"column\",\"props\":{\"image_position\":\"center-center\",\"position_sticky_breakpoint\":\"m\"},\"children\":[{\"type\":\"headline\",\"props\":{\"content\":\"Ma personnalisation\",\"content_en_gb\":\"My personalisation\",\"id\":\"tag4u_headline\",\"text_align\":\"center\",\"title_color\":\"muted\",\"title_decoration\":\"line\",\"title_element\":\"h5\",\"title_style\":\"h5\"}},{\"type\":\"html\",\"props\":{\"class\":\"auto_1\",\"content\":\"\n\n<div id=\\\"preview-wrapper\\\"><\\\/div>\",\"id\":\"tag4u_preview_wrapper\"},\"name\":\"preview wrapper\"},{\"type\":\"text\",\"props\":{\"column_breakpoint\":\"m\",\"content\":\"Pr\\u00e9visualisation non contractuelle<br\\\/>Nous adapterons\\nvotre texte et image avec pr\\u00e9cision\",\"content_en_gb\":\"Non-binding preview<br\\\/>We will adapt\\nyour text and image with precision\",\"id\":\"tag4u_text_contractuelle\",\"margin\":\"default\",\"text_align\":\"center\",\"text_color\":\"muted\",\"text_style\":\"small\"},\"name\":\"text contractuelle\"},{\"type\":\"text\",\"props\":{\"column_breakpoint\":\"m\",\"content\":\"(35 x 8 mm)\",\"id\":\"ta4u_taille\",\"margin\":\"default\",\"text_align\":\"center\",\"text_color\":\"muted\",\"text_style\":\"small\"},\"name\":\"taille\"},{\"type\":\"html\",\"props\":{\"content\":\"\n\n<div id=\\\"container_configuration\\\"><\\\/div>\",\"id\":\"tag4_container_configuration\"}},{\"type\":\"woo_add_to_cart\"}]}]}]},{\"type\":\"section\",\"props\":{\"class\":\"section-switcher\",\"html_element\":\"section\",\"image_position\":\"center-center\",\"style\":\"default\",\"title_breakpoint\":\"xl\",\"title_position\":\"top-left\",\"title_rotation\":\"left\",\"vertical_align\":\"middle\",\"width\":\"default\"},\"children\":[{\"type\":\"row\",\"children\":[{\"type\":\"column\",\"props\":{\"image_position\":\"center-center\",\"position_sticky_breakpoint\":\"m\"},\"children\":[{\"type\":\"switcher\",\"props\":{\"content_column_breakpoint\":\"m\",\"image_align\":\"top\",\"image_grid_breakpoint\":\"m\",\"image_grid_width\":\"1-2\",\"image_svg_color\":\"emphasis\",\"link_style\":\"default\",\"link_text\":\"Read more\",\"margin\":\"default\",\"meta_align\":\"below-title\",\"meta_element\":\"div\",\"meta_style\":\"text-meta\",\"nav\":\"tab\",\"nav_align\":\"left\",\"nav_grid_breakpoint\":\"m\",\"nav_grid_width\":\"auto\",\"nav_position\":\"top\",\"show_content\":true,\"show_image\":true,\"show_label\":true,\"show_link\":true,\"show_meta\":true,\"show_thumbnail\":true,\"show_title\":false,\"switcher_animation\":\"fade\",\"switcher_height\":false,\"thumbnav_height\":\"75\",\"thumbnav_svg_color\":\"emphasis\",\"thumbnav_width\":\"100\",\"title_align\":\"top\",\"title_element\":\"h3\",\"title_grid_breakpoint\":\"m\",\"title_grid_width\":\"1-2\"},\"children\":[{\"type\":\"switcher_item\",\"props\":{\"content\":\"\n\n<p>Pas besoin de fer \\u00e0 repasser ni de couture pour ces \\u00e9tiquettes qui se colle en 2 secondes chrono sur l'\\u00e9tiquette de composition , marque ou d'entretien.<\\\/p>\\n\n\n<p><strong>Un petit format\\u2026 pour un grand coup de main au quotidien !<\\\/strong><\\\/p>\\n\n\n<p>Nos \\u00e9tiquettes autocollantes 1 ligne sont la solution parfaite pour marquer rapidement et simplement tous les v\\u00eatements, sans jamais encombrer ni d\\u00e9naturer le textile. Ultra discrets, ils se collent facilement et proprement sur l\\u2019\\u00e9tiquette de marque ou de composition, sans besoin de repassage, de couture ou d\\u2019outils sp\\u00e9cifiques. C\\u2019est la mani\\u00e8re la plus rapide et efficace pour identifier les habits, tout en respectant le confort et l\\u2019esth\\u00e9tique des v\\u00eatements.<\\\/p>\\n\n\n<p>Que ce soit pour les tout-petits en cr\\u00e8che, \\u00e0 la maternelle ou \\u00e0 l\\u2019\\u00e9cole, ou encore pour les r\\u00e9sidents en EHPAD, ces petites \\u00ab\\u202ffolies\\u202f\\u00bb offrent une r\\u00e9ponse fiable \\u00e0 un probl\\u00e8me fr\\u00e9quent : la perte ou l\\u2019\\u00e9change involontaire des v\\u00eatements. Pr\\u00e9nom, nom ou initiales, tout tient en une seule ligne, mais l\\u2019impact est \\u00e9norme : vous retrouvez vos affaires facilement, sans stress et sans effort.<\\\/p>\\n\n\n<p>Avec celle-ci, le marquage des v\\u00eatements devient un geste simple et rapide, accessible \\u00e0 tous. Poser une \\u00e9tiquette ne prend que quelques secondes seulement, et la tranquillit\\u00e9 d\\u2019esprit qui en d\\u00e9coule dure toute la saison, voire plusieurs ann\\u00e9es. R\\u00e9sistants et bien adh\\u00e9rents, ils tiennent bon m\\u00eame apr\\u00e8s de multiples lavages et passages au s\\u00e8che-linge.<\\\/p>\\n\n\n<p>Pour les parents comme pour les structures collectives et les professionnels, c\\u2019est une solution pratique, \\u00e9conomique et efficace pour garder le contr\\u00f4le sur les v\\u00eatements et \\u00e9viter bien des tracas. Fini les confusions ou les pertes, place \\u00e0 une organisation claire gr\\u00e2ce \\u00e0 ces petites astuces malignes.<\\\/p>\\n\n\n<p><strong>Un petit geste pour une grande tranquillit\\u00e9.<\\\/strong> Ces \\u00e9tiquettes vous accompagnent au quotidien pour simplifier la vie, sans jamais sacrifier la discr\\u00e9tion ni la qualit\\u00e9.<\\\/p>\",\"content_en_gb\":\"\n\n<p>No need for an iron or sewing machine with these labels, which can be stuck onto the composition, brand or care label in just two seconds flat. <\\\/p>\\n\n\n<p><strong>Small in size... but a big help in everyday life!<\\\/strong><\\\/p>\\n\n\n<p>Our single-line self-adhesive labels are the perfect solution for quickly and easily marking all your clothes without cluttering or damaging the fabric. Ultra-discreet, they stick easily and neatly onto the brand or composition label, with no need for ironing, sewing or special tools. It's the fastest and most effective way to identify clothes, while maintaining their comfort and appearance.\\nWhether for toddlers in nursery, kindergarten or school, or for residents in care homes, these little \\u2018extras\\u2019 offer a reliable solution to a common problem: the loss or accidental exchange of clothing. First name, surname or initials, everything fits on a single line, but the impact is huge: you can find your belongings easily, without stress and without effort.\\n\n\n<p>With this product, labelling clothes becomes a quick and easy task that anyone can do. Applying a label takes only a few seconds, and the peace of mind it brings lasts all season, or even several years. Durable and adhesive, they hold up well even after multiple washes and tumble dryer cycles.<\\\/p>\\n\n\n<p>With this product, labelling clothes becomes a quick and easy task that anyone can do. Applying a label takes only a few seconds, and the peace of mind it provides lasts all season, or even several years. Durable and adhesive, they stay in place even after multiple washes and tumble dries.<\\\/p>\\n\n\n<p>For parents, organisations and professionals alike, it's a practical, economical and effective solution for keeping track of clothing and avoiding hassle. No more confusion or lost items \\u2013 make way for clear organisation thanks to these clever little tricks.\\nA small gesture for great peace of mind. These labels are there to simplify your daily life, without ever compromising on discretion or quality.\\n    <\\\/p>\\n\",\"title\":\"Description\"}},{\"type\":\"switcher_item\",\"props\":{\"content\":\"\n\n<p><strong>Mode d\\u2019emploi \\u2013 \\u00c9tiquettes autocollantes pour v\\u00eatements<\\\/strong><\\\/p>\\n\n\n<p>Nos \\u00e9tiquettes autocollantes sont con\\u00e7ues pour \\u00eatre pos\\u00e9es facilement, sans repassage ni couture. Pour une tenue optimale, suivez ces quelques \\u00e9tapes :<\\\/p>\\n\n\n<ol>\\n\n\n<li>\\n\n\n<p><strong>Choisissez la bonne surface<\\\/strong> : l\\u2019\\u00e9tiquette doit \\u00eatre coll\\u00e9e sur une \\u00e9tiquette de composition, d\\u2019entretien ou de marque, en satin ou en polyester, cousue \\u00e0 l\\u2019int\\u00e9rieur du v\\u00eatement.<\\\/p>\\n<\\\/li>\\n\n\n<li>\\n\n\n<p><strong>Nettoyez la surface<\\\/strong> : assurez-vous que l\\u2019\\u00e9tiquette est propre, s\\u00e8che et non rugueuse.<\\\/p>\\n<\\\/li>\\n\n\n<li>\\n\n\n<p><strong>Appliquez l\\u2019\\u00e9tiquette<\\\/strong> : d\\u00e9collez l\\u2019autocollant de son support, positionnez-le soigneusement, puis appuyez fermement avec les doigts pendant quelques secondes.<\\\/p>\\n    \n\n<p>\\u00c9viter toute bulle d\\u2019air entre l\\u2019\\u00e9tiquette et son support.<\\\/p>\\n<\\\/li>\\n\n\n<li>\\n\n\n<p><strong>Laissez reposer 24h<\\\/strong> avant lavage pour assurer une bonne adh\\u00e9rence.<\\\/p>\\n<\\\/li>\\n<\\\/ol>\\n\n\n<p>Ces \\u00e9tiquettes r\\u00e9sistent aux lavages en machine (jusqu\\u2019\\u00e0 60\\u202f\\u00b0C) et aux passages au s\\u00e8che-linge doux.<\\\/p>\\n\",\"content_en_gb\":\"\n\n<p><strong>Instructions for use \\u2013 Self-adhesive clothing labels<\\\/strong><\\\/p>\\n\n\n<p>Our self-adhesive labels are designed to be easy to apply, without ironing or sewing. For optimal hold, follow these steps:<\\\/p>\\n\n\n<ol>\\n\n\n<li>\\n\n\n<p><strong>Choose the right surface<\\\/strong>: the label should be stuck onto a composition, care or brand label made of satin or polyester, sewn inside the garment.\\n<\\\/li>\\n\n\n<li>\\n\n\n<p><strong>Clean the surface<\\\/strong>: make sure the label is clean, dry and not rough. <\\\/p>\\n<\\\/li>\\n\n\n<li>\\n\n\n<p><strong>Apply the label<\\\/strong>: peel the sticker off its backing, position it carefully, then press firmly with your fingers for a few seconds.\\n    \n\n<p>Avoid any air bubbles between the label and its backing.\\n<\\\/li>\\n\n\n<li>\\n\n\n<p><strong>Leave for 24 hours<\\\/strong> before washing to ensure good adhesion. <\\\/p>\\n<\\\/li>\\n<\\\/ol>\\n\n\n<p>These labels are machine washable (up to 60\\u00b0C) and can be tumble dried on a low setting. <\\\/p>\\n\",\"title\":\"Mode d'emploi\",\"title_en_gb\":\"Instructions for use\"}},{\"type\":\"switcher_item\",\"props\":{\"title\":\"Avis\",\"title_en_gb\":\"Reviews\"}}]}]}]}]},{\"type\":\"section\",\"props\":{\"class\":\"section-related\",\"html_element\":\"section\",\"image_position\":\"center-center\",\"style\":\"default\",\"title_breakpoint\":\"xl\",\"title_position\":\"top-left\",\"title_rotation\":\"left\",\"vertical_align\":\"middle\",\"width\":\"default\"},\"children\":[{\"type\":\"row\",\"children\":[{\"type\":\"column\",\"props\":{\"image_position\":\"center-center\",\"position_sticky_breakpoint\":\"m\"},\"children\":[{\"type\":\"headline\",\"props\":{\"content\":\"Produits similaires\",\"content_en_gb\":\"Similar products\",\"title_element\":\"h2\",\"title_style\":\"h2\"}},{\"type\":\"grid_t4u\",\"props\":{\"content_column_breakpoint\":\"m\",\"filter_align\":\"left\",\"filter_all\":true,\"filter_grid_breakpoint\":\"m\",\"filter_grid_width\":\"auto\",\"filter_position\":\"top\",\"filter_style\":\"tab\",\"grid_default\":\"2\",\"grid_medium\":\"4\",\"icon_width\":80,\"image_align\":\"top\",\"image_grid_breakpoint\":\"m\",\"image_grid_width\":\"1-2\",\"image_link\":true,\"image_svg_color\":\"emphasis\",\"item_animation\":true,\"link_style\":\"link-text\",\"link_text\":\"Read more\",\"margin\":\"default\",\"meta_align\":\"below-title\",\"meta_element\":\"div\",\"meta_style\":\"text-meta\",\"panel_link\":true,\"show_content\":true,\"show_image\":true,\"show_link\":true,\"show_meta\":true,\"show_start_price\":true,\"show_sub_title\":true,\"show_title\":true,\"sub_title_element\":\"h3\",\"title_align\":\"top\",\"title_element\":\"h3\",\"title_grid_breakpoint\":\"m\",\"title_grid_width\":\"1-2\",\"title_hover_style\":\"reset\",\"title_style\":\"h3\"},\"children\":[{\"type\":\"grid_t4u_item\",\"props\":{\"sub_title\":\"2 lignes (rectangulaires)\",\"sub_title_en_gb\":\"2 lines (rectangular)\",\"title\":\"\\u00c9tiquettes autocollantes\",\"title_en_gb\":\"Self-adhesive labels\"},\"source\":{\"query\":{\"name\":\"products.customProduct\",\"arguments\":{\"terms\":[],\"product_brand_operator\":\"IN\",\"product_cat_operator\":\"IN\",\"product_tag_operator\":\"IN\",\"product_visibility_operator\":\"IN\",\"users\":[],\"users_operator\":\"IN\",\"offset\":0,\"order\":\"date\",\"order_direction\":\"DESC\",\"id\":150}},\"props\":{\"start_price\":{\"filters\":{\"search\":\"\",\"before\":\"\\u00c0 partir de&nbsp; \",\"after\":\"&nbsp;\\u20ac\"},\"name\":\"field.start_price\"},\"image\":{\"filters\":{\"search\":\"\"},\"name\":\"featuredImage.url\"},\"link\":{\"filters\":{\"search\":\"\"},\"name\":\"link\"},\"start_price_en_gb\":{\"filters\":{\"search\":\"\",\"before\":\"Starting at&nbsp;\",\"after\":\"\\u20ac\"},\"name\":\"field.start_price\"}}}},{\"type\":\"grid_t4u_item\",\"props\":{\"sub_title\":\"2 lignes (carr\\u00e9es)\",\"sub_title_en_gb\":\"2 lines (square)\",\"title\":\"\\u00c9tiquettes autocollantes\",\"title_en_gb\":\"Self-adhesive labels\"},\"source\":{\"query\":{\"name\":\"products.customProduct\",\"arguments\":{\"terms\":[],\"product_brand_operator\":\"IN\",\"product_cat_operator\":\"IN\",\"product_tag_operator\":\"IN\",\"product_visibility_operator\":\"IN\",\"users\":[],\"users_operator\":\"IN\",\"offset\":0,\"order\":\"date\",\"order_direction\":\"DESC\",\"id\":153}},\"props\":{\"start_price\":{\"filters\":{\"search\":\"\",\"before\":\"\\u00c0 partir de&nbsp; \",\"after\":\"&nbsp;\\u20ac\"},\"name\":\"field.start_price\"},\"image\":{\"filters\":{\"search\":\"\"},\"name\":\"featuredImage.url\"},\"link\":{\"filters\":{\"search\":\"\"},\"name\":\"link\"},\"start_price_en_gb\":{\"filters\":{\"search\":\"\",\"before\":\"Starting at&nbsp;\",\"after\":\"\\u20ac\"},\"name\":\"field.start_price\"}}}}],\"name\":\"related grid tag4u\"}]}]}]}],\"version\":\"4.4.8\"} --><\/p>\n","protected":false},"excerpt":{"rendered":"<p>A small format&#8230; for a great helping hand on a daily basis!<\/p>\n<p>Our 1-line self-adhesive labels are ideal for quickly marking clothes without an iron. Ultra discreet, they can be easily stuck on the brand or composition label of the garment.<\/p>\n<p>Perfect for identifying the clothes of toddlers at nursery, kindergarten or school, but also for residents in nursing homes. First name, last name or initials: the essential is in one line&#8230; and that&#8217;s enough to not lose any more clothes!<\/p>\n<p>A simple gesture, lasting peace of mind<\/p>\n<p>Resistant to washes up to 60\u00b0<\/p>\n","protected":false},"featured_media":760,"comment_status":"open","ping_status":"closed","template":"","meta":{"_acf_changed":false},"product_brand":[],"product_cat":[23],"product_tag":[],"class_list":{"0":"post-147","1":"product","2":"type-product","3":"status-publish","4":"has-post-thumbnail","6":"product_cat-self-adhesive-labels","8":"first","9":"instock","10":"sold-individually","11":"taxable","12":"shipping-taxable","13":"purchasable","14":"product-type-simple"},"acf":[],"_links":{"self":[{"href":"https:\/\/www.tag4u.fr\/en\/wp-json\/wp\/v2\/product\/147","targetHints":{"allow":["GET"]}}],"collection":[{"href":"https:\/\/www.tag4u.fr\/en\/wp-json\/wp\/v2\/product"}],"about":[{"href":"https:\/\/www.tag4u.fr\/en\/wp-json\/wp\/v2\/types\/product"}],"replies":[{"embeddable":true,"href":"https:\/\/www.tag4u.fr\/en\/wp-json\/wp\/v2\/comments?post=147"}],"wp:featuredmedia":[{"embeddable":true,"href":"https:\/\/www.tag4u.fr\/en\/wp-json\/wp\/v2\/media\/760"}],"wp:attachment":[{"href":"https:\/\/www.tag4u.fr\/en\/wp-json\/wp\/v2\/media?parent=147"}],"wp:term":[{"taxonomy":"product_brand","embeddable":true,"href":"https:\/\/www.tag4u.fr\/en\/wp-json\/wp\/v2\/product_brand?post=147"},{"taxonomy":"product_cat","embeddable":true,"href":"https:\/\/www.tag4u.fr\/en\/wp-json\/wp\/v2\/product_cat?post=147"},{"taxonomy":"product_tag","embeddable":true,"href":"https:\/\/www.tag4u.fr\/en\/wp-json\/wp\/v2\/product_tag?post=147"}],"curies":[{"name":"wp","href":"https:\/\/api.w.org\/{rel}","templated":true}]}}