{"id":150,"date":"2024-12-31T10:09:26","date_gmt":"2024-12-31T09:09:26","guid":{"rendered":"http:\/\/localhost\/tag4u\/?post_type=product&#038;p=150"},"modified":"2026-01-28T11:32:01","modified_gmt":"2026-01-28T10:32:01","slug":"etiquettes-autocollantes-2-lignes-rectangulaires","status":"publish","type":"product","link":"https:\/\/www.tag4u.fr\/en\/product\/self-adhesive-labels-2-lines-rectangular\/","title":{"rendered":"Self-adhesive labels 2 lines rectangular "},"content":{"rendered":"<h1>\u00c9tiquettes autocollantes<\/h1>\n<h2>2 lignes (rectangulaires)<\/h2>\n<table>\n<thead>\n<tr>\n<th>Nombre d&#8217;exemplaires<\/th>\n<th><\/th>\n<\/tr>\n<\/thead>\n<tbody>\n<tr>\n<td>12 ex.<\/td>\n<td>\n<p>3.00 \u20ac<\/p>\n<\/td>\n<\/tr>\n<tr>\n<td>24 ex.<\/td>\n<td>\n<p>5.50 \u20ac<\/p>\n<\/td>\n<\/tr>\n<tr>\n<td>36 ex.<\/td>\n<td>\n<p>8.00 \u20ac<\/p>\n<\/td>\n<\/tr>\n<tr>\n<td>60 ex.<\/td>\n<td>\n<p>12.00 \u20ac<\/p>\n<\/td>\n<\/tr>\n<tr>\n<td>120 ex.<\/td>\n<td>\n<p>17.00 \u20ac<\/p>\n<\/td>\n<\/tr>\n<tr>\n<td>180 ex.<\/td>\n<td>\n<p>21.00 \u20ac<\/p>\n<\/td>\n<\/tr>\n<\/tbody>\n<\/table>\n<div>\n<p>    <img decoding=\"async\" src=\"\/wp-content\/uploads\/2025\/05\/ul-greenguard-certification.svg\" alt=\"\"><\/p>\n<\/div>\n<div>\n<p>Certifi\u00e9es GREENGUARD: \u00e9tiquettes sans substances nocives et \u00e0 faible \u00e9missions, s\u00fbres pour la peau et l&#8217;air int\u00e9rieur.<\/p>\n<\/div>\n<p>\n    <a href=\"#section-configuration\">Acheter et configurer<\/a>\n<\/p>\n<h5>Ma personnalisation<\/h5>\n<div>\n<div id=\"preview-wrapper\"><\/div>\n<\/div>\n<div>Pr\u00e9visualisation non contractuelle<br \/>Nous adapterons<br \/>\nvotre texte et image avec pr\u00e9cision<\/div>\n<div>(35 x 15 mm)<\/div>\n<div>\n<div id=\"container_configuration\"><\/div>\n<\/div>\n<ul>\n<li>\n<h3>Description<\/h3>\n<div>\n<p><strong>\u00c9tiquettes autocollantes carr\u00e9es personnalis\u00e9es pour v\u00eatements \u2013 pratiques, durables et faciles \u00e0 poser<\/strong><\/p>\n<p>Nos <strong>\u00e9tiquettes autocollantes carr\u00e9es pour v\u00eatements<\/strong> sont la solution id\u00e9ale pour identifier facilement les habits, sacs, objets et accessoires du quotidien. Gr\u00e2ce \u00e0 leur <strong>format carr\u00e9<\/strong> astucieux, elles offrent suffisamment de place pour inscrire un <strong>pr\u00e9nom, un nom, une classe ou un pictogramme<\/strong>, tout en restant compactes et lisibles.<\/p>\n<p>Parfaites pour la <strong>cr\u00e8che, la maternelle, l\u2019\u00e9cole, les colonies de vacances ou les EHPAD<\/strong>, ces \u00e9tiquettes se <strong>collent en quelques secondes<\/strong>, directement sur l\u2019\u00e9tiquette de marque ou de composition du v\u00eatement. Aucun repassage, aucune couture : un simple geste suffit.<\/p>\n<p><strong>R\u00e9sistantes au lavage en machine et au s\u00e8che-linge<\/strong>, elles restent bien en place, sans se d\u00e9coller ni s\u2019effacer avec le temps. Totalement personnalisables, elles existent en plusieurs couleurs, polices et visuels ludiques pour plaire aux enfants comme aux adultes.<\/p>\n<p>Avec ces \u00e9tiquettes carr\u00e9es, chaque membre de la famille peut reconna\u00eetre ses affaires d\u2019un coup d\u2019\u0153il et dire fi\u00e8rement : <strong>\u00ab C\u2019est mon \u00e9tiquette ! \u00bb<\/strong><\/p>\n<\/div>\n<\/li>\n<li>\n<h3>Mode d&#8217;emploi<\/h3>\n<div>\n<p><strong>Mode d\u2019emploi \u2013 \u00c9tiquettes autocollantes pour v\u00eatements<\/strong><\/p>\n<p>Nos \u00e9tiquettes autocollantes sont con\u00e7ues pour \u00eatre pos\u00e9es facilement, sans repassage ni couture. Pour une tenue optimale, suivez ces quelques \u00e9tapes :<\/p>\n<ol>\n<li>\n<p><strong>Choisissez la bonne surface<\/strong> : l\u2019\u00e9tiquette doit \u00eatre coll\u00e9e sur une \u00e9tiquette de composition, d\u2019entretien ou de marque, en satin ou en polyester, cousue \u00e0 l\u2019int\u00e9rieur du v\u00eatement.<\/p>\n<\/li>\n<li>\n<p><strong>Nettoyez la surface<\/strong> : assurez-vous que l\u2019\u00e9tiquette est propre, s\u00e8che et non rugueuse.<\/p>\n<\/li>\n<li>\n<p><strong>Appliquez l\u2019\u00e9tiquette<\/strong> : d\u00e9collez l\u2019autocollant de son support, positionnez-le soigneusement, puis appuyez fermement avec les doigts pendant quelques secondes.<\/p>\n<p>\u00c9viter toute bulle d\u2019air entre l\u2019\u00e9tiquette et son support.<\/p>\n<\/li>\n<li>\n<p><strong>Laissez reposer 24h<\/strong> avant lavage pour assurer une bonne adh\u00e9rence.<\/p>\n<\/li>\n<\/ol>\n<p>Ces \u00e9tiquettes r\u00e9sistent aux lavages en machine (jusqu\u2019\u00e0 60\u202f\u00b0C) et aux passages au s\u00e8che-linge doux.<\/p>\n<\/div>\n<\/li>\n<li>\n<h3>Avis<\/h3>\n<\/li>\n<\/ul>\n<h2>Produits similaires<\/h2>\n<ul>\n<li>\n<h3>\u00c9tiquettes autocollantes<\/h3>\n<h3>2 lignes (car\u00e9es)<\/h3>\n<\/li>\n<li>\n<h3>\u00c9tiquettes autocollantes<\/h3>\n<h3>1  ligne<\/h3>\n<\/li>\n<\/ul>\n<p><!--more--><br \/>\n<!-- {\"type\":\"layout\",\"children\":[{\"type\":\"section\",\"props\":{\"class\":\"section-breadcrumbs uk-visible@m\",\"html_element\":\"section\",\"image_position\":\"center-center\",\"padding_remove_bottom\":true,\"style\":\"default\",\"title_breakpoint\":\"xl\",\"title_position\":\"top-left\",\"title_rotation\":\"left\",\"vertical_align\":\"middle\",\"width\":\"default\"},\"children\":[{\"type\":\"row\",\"children\":[{\"type\":\"column\",\"props\":{\"image_position\":\"center-center\",\"position_sticky_breakpoint\":\"m\"},\"children\":[{\"type\":\"breadcrumbs\",\"props\":{\"show_current\":true,\"show_home\":true}}]}]}]},{\"type\":\"section\",\"props\":{\"html_element\":\"section\",\"id\":\"section-product-header\",\"image_position\":\"center-center\",\"padding\":\"xsmall\",\"style\":\"default\",\"title_breakpoint\":\"xl\",\"title_position\":\"top-left\",\"title_rotation\":\"left\",\"vertical_align\":\"middle\",\"width\":\"default\"},\"children\":[{\"type\":\"row\",\"props\":{\"layout\":\"1-2,1-2\"},\"children\":[{\"type\":\"column\",\"props\":{\"image_position\":\"center-center\",\"position_sticky_breakpoint\":\"m\",\"width_medium\":\"1-2\"},\"children\":[{\"type\":\"woo_images\",\"props\":{\"maxwidth\":\"large\"}}]},{\"type\":\"column\",\"props\":{\"image_position\":\"center-center\",\"position_sticky_breakpoint\":\"m\",\"width_medium\":\"1-2\"},\"children\":[{\"type\":\"headline\",\"props\":{\"class\":\"title\",\"content\":\"\\u00c9tiquettes autocollantes\",\"content_en_gb\":\"Self-adhesive labels\",\"title_color\":\"primary\",\"title_element\":\"h1\",\"title_style\":\"h2\"}},{\"type\":\"headline\",\"props\":{\"class\":\"sub-title\",\"content\":\"2 lignes (rectangulaires)\",\"content_en_gb\":\"2 lines (rectangular)\",\"title_color\":\"primary\",\"title_element\":\"h2\",\"title_style\":\"h2\"}},{\"type\":\"woo_description\",\"props\":{\"description\":\"short_description\"}},{\"type\":\"fragment\",\"props\":{\"margin\":\"default\"},\"children\":[{\"type\":\"row\",\"props\":{\"layout\":\"1-2,1-2\"},\"children\":[{\"type\":\"column\",\"props\":{\"image_position\":\"center-center\",\"position_sticky_breakpoint\":\"m\",\"width_medium\":\"1-2\"},\"children\":[{\"type\":\"table\",\"props\":{\"class\":\"product-table-price\",\"content_style\":\"text-meta\",\"image_svg_color\":\"emphasis\",\"link_style\":\"default\",\"link_text\":\"Read more\",\"meta_style\":\"text-meta\",\"show_content\":true,\"show_image\":false,\"show_link\":false,\"show_meta\":false,\"show_title\":true,\"table_head_title\":\"Nombre d'exemplaires\",\"table_head_title_en_gb\":\"Number of copies\",\"table_hover\":false,\"table_justify\":true,\"table_order\":\"1\",\"table_responsive\":\"overflow\",\"table_size\":\"small\",\"table_style\":\"striped\",\"table_vertical_align\":true,\"table_width_meta\":\"shrink\",\"table_width_title\":\"shrink\"},\"children\":[{\"type\":\"table_item\",\"props\":{\"content\":\"\n\n<p>3.00 \\u20ac<\\\/p>\",\"title\":\"12 ex.\"}},{\"type\":\"table_item\",\"props\":{\"content\":\"\n\n<p>5.50 \\u20ac<\\\/p>\",\"title\":\"24 ex.\"}},{\"type\":\"table_item\",\"props\":{\"content\":\"\n\n<p>8.00 \\u20ac<\\\/p>\",\"title\":\"36 ex.\"}},{\"type\":\"table_item\",\"props\":{\"content\":\"\n\n<p>12.00 \\u20ac<\\\/p>\",\"title\":\"60 ex.\"}},{\"type\":\"table_item\",\"props\":{\"content\":\"\n\n<p>17.00 \\u20ac<\\\/p>\",\"title\":\"120 ex.\"}},{\"type\":\"table_item\",\"props\":{\"content\":\"\n\n<p>21.00 \\u20ac<\\\/p>\",\"title\":\"180 ex.\"}}]}]},{\"type\":\"column\",\"props\":{\"class\":\"product-norme\",\"image_position\":\"center-center\",\"position_sticky_breakpoint\":\"m\",\"width_medium\":\"1-2\"},\"children\":[{\"type\":\"gallery\",\"props\":{\"class\":\"norme-image\",\"filter_align\":\"left\",\"filter_all\":true,\"filter_grid_breakpoint\":\"m\",\"filter_grid_width\":\"auto\",\"filter_position\":\"top\",\"filter_style\":\"tab\",\"grid_default\":\"2\",\"grid_medium\":\"3\",\"item_animation\":true,\"link_style\":\"default\",\"link_text\":\"Read more\",\"margin\":\"default\",\"meta_align\":\"below-title\",\"meta_element\":\"div\",\"meta_style\":\"text-meta\",\"overlay_hover\":true,\"overlay_mode\":\"cover\",\"overlay_position\":\"center\",\"overlay_style\":\"overlay-primary\",\"overlay_transition\":\"fade\",\"show_content\":false,\"show_hover_image\":false,\"show_hover_video\":false,\"show_link\":false,\"show_meta\":false,\"show_title\":false,\"text_align\":\"center\",\"text_color\":\"light\",\"title_element\":\"h3\",\"title_hover_style\":\"reset\"},\"children\":[{\"type\":\"gallery_item\",\"props\":{\"image\":\"wp-content\\\/uploads\\\/2025\\\/05\\\/ul-greenguard-certification.svg\"}}]},{\"type\":\"text\",\"props\":{\"class\":\"norme-text\",\"column_breakpoint\":\"m\",\"content\":\"\n\n<p>Certifi\\u00e9es GREENGUARD: \\u00e9tiquettes sans substances nocives et \\u00e0 faible \\u00e9missions, s\\u00fbres pour la peau et l'air int\\u00e9rieur.<\\\/p>\",\"content_en_gb\":\"\n\n<p>GREENGUARD certified: labels free from harmful substances and low in emissions, safe for the skin and indoor air.\\n<\\\/p>\",\"margin\":\"default\"}}]}]}],\"name\":\"sub thermo table finale\"},{\"type\":\"button\",\"props\":{\"grid_column_gap\":\"small\",\"grid_row_gap\":\"small\",\"margin\":\"default\",\"text_align\":\"center\"},\"children\":[{\"type\":\"button_item\",\"props\":{\"button_style\":\"primary\",\"content\":\"Acheter et configurer\",\"content_en_gb\":\"Buy and configure\",\"icon\":\"arrow-down\",\"icon_align\":\"left\",\"link\":\"#section-configuration\",\"link_title\":\"Acteter\",\"link_title_en_gb\":\"Buy\"}}]}]}]}]},{\"type\":\"section\",\"props\":{\"html_element\":\"section\",\"id\":\"section-configuration\",\"image_position\":\"center-center\",\"style\":\"default\",\"title_breakpoint\":\"xl\",\"title_position\":\"top-left\",\"title_rotation\":\"left\",\"vertical_align\":\"middle\",\"width\":\"default\"},\"children\":[{\"type\":\"row\",\"children\":[{\"type\":\"column\",\"props\":{\"image_position\":\"center-center\",\"position_sticky_breakpoint\":\"m\"},\"children\":[{\"type\":\"headline\",\"props\":{\"content\":\"Ma personnalisation\",\"content_en_gb\":\"My personalisation\",\"id\":\"tag4u_headline\",\"text_align\":\"center\",\"title_color\":\"muted\",\"title_decoration\":\"line\",\"title_element\":\"h5\",\"title_style\":\"h5\"}},{\"type\":\"html\",\"props\":{\"class\":\"auto_2\",\"content\":\"\n\n<div id=\\\"preview-wrapper\\\"><\\\/div>\",\"id\":\"tag4u_preview_wrapper\"},\"name\":\"preview wrapper\"},{\"type\":\"text\",\"props\":{\"column_breakpoint\":\"m\",\"content\":\"Pr\\u00e9visualisation non contractuelle<br\\\/>Nous adapterons\\nvotre texte et image avec pr\\u00e9cision\",\"content_en_gb\":\"Non-binding preview<br\\\/>We will adapt\\nyour text and image with precision\",\"id\":\"tag4u_text_contractuelle\",\"margin\":\"default\",\"text_align\":\"center\",\"text_color\":\"muted\",\"text_style\":\"small\"},\"name\":\"text contractuelle\"},{\"type\":\"text\",\"props\":{\"column_breakpoint\":\"m\",\"content\":\"(35 x 15 mm)\",\"id\":\"ta4u_taille\",\"margin\":\"default\",\"text_align\":\"center\",\"text_color\":\"muted\",\"text_style\":\"small\"},\"name\":\"taille\"},{\"type\":\"html\",\"props\":{\"content\":\"\n\n<div id=\\\"container_configuration\\\"><\\\/div>\",\"id\":\"tag4_container_configuration\"}},{\"type\":\"woo_add_to_cart\"}]}]}]},{\"type\":\"section\",\"props\":{\"class\":\"section-switcher\",\"image_position\":\"center-center\",\"style\":\"default\",\"title_breakpoint\":\"xl\",\"title_position\":\"top-left\",\"title_rotation\":\"left\",\"vertical_align\":\"middle\",\"width\":\"default\"},\"children\":[{\"type\":\"row\",\"children\":[{\"type\":\"column\",\"props\":{\"image_position\":\"center-center\",\"position_sticky_breakpoint\":\"m\"},\"children\":[{\"type\":\"switcher\",\"props\":{\"content_column_breakpoint\":\"m\",\"image_align\":\"top\",\"image_grid_breakpoint\":\"m\",\"image_grid_width\":\"1-2\",\"image_svg_color\":\"emphasis\",\"link_style\":\"default\",\"link_text\":\"Read more\",\"margin\":\"default\",\"meta_align\":\"below-title\",\"meta_element\":\"div\",\"meta_style\":\"text-meta\",\"nav\":\"tab\",\"nav_align\":\"left\",\"nav_grid_breakpoint\":\"m\",\"nav_grid_width\":\"auto\",\"nav_position\":\"top\",\"show_content\":true,\"show_image\":true,\"show_label\":true,\"show_link\":true,\"show_meta\":true,\"show_thumbnail\":true,\"show_title\":false,\"switcher_animation\":\"fade\",\"switcher_height\":false,\"thumbnav_height\":\"75\",\"thumbnav_svg_color\":\"emphasis\",\"thumbnav_width\":\"100\",\"title_align\":\"top\",\"title_element\":\"h3\",\"title_grid_breakpoint\":\"m\",\"title_grid_width\":\"1-2\"},\"children\":[{\"type\":\"switcher_item\",\"props\":{\"content\":\"\n\n<p><strong>\\u00c9tiquettes autocollantes carr\\u00e9es personnalis\\u00e9es pour v\\u00eatements \\u2013 pratiques, durables et faciles \\u00e0 poser<\\\/strong><\\\/p>\\n\n\n<p>Nos <strong>\\u00e9tiquettes autocollantes carr\\u00e9es pour v\\u00eatements<\\\/strong> sont la solution id\\u00e9ale pour identifier facilement les habits, sacs, objets et accessoires du quotidien. Gr\\u00e2ce \\u00e0 leur <strong>format carr\\u00e9<\\\/strong> astucieux, elles offrent suffisamment de place pour inscrire un <strong>pr\\u00e9nom, un nom, une classe ou un pictogramme<\\\/strong>, tout en restant compactes et lisibles.<\\\/p>\\n\n\n<p>Parfaites pour la <strong>cr\\u00e8che, la maternelle, l\\u2019\\u00e9cole, les colonies de vacances ou les EHPAD<\\\/strong>, ces \\u00e9tiquettes se <strong>collent en quelques secondes<\\\/strong>, directement sur l\\u2019\\u00e9tiquette de marque ou de composition du v\\u00eatement. Aucun repassage, aucune couture : un simple geste suffit.<\\\/p>\\n\n\n<p><strong>R\\u00e9sistantes au lavage en machine et au s\\u00e8che-linge<\\\/strong>, elles restent bien en place, sans se d\\u00e9coller ni s\\u2019effacer avec le temps. Totalement personnalisables, elles existent en plusieurs couleurs, polices et visuels ludiques pour plaire aux enfants comme aux adultes.<\\\/p>\\n\n\n<p>Avec ces \\u00e9tiquettes carr\\u00e9es, chaque membre de la famille peut reconna\\u00eetre ses affaires d\\u2019un coup d\\u2019\\u0153il et dire fi\\u00e8rement : <strong>\\u00ab C\\u2019est mon \\u00e9tiquette ! \\u00bb<\\\/strong><\\\/p>\",\"content_en_gb\":\"\n\n<p><strong>Personalised square self-adhesive labels for clothing \\u2013 practical, durable and easy to apply<\\\/strong><\\\/p>\\n\n\n<p>Our <strong>square self-adhesive labels for clothing<\\\/strong> are the ideal solution for easily identifying everyday items such as clothes, bags, objects and accessories. Thanks to their clever <strong>square shape<\\\/strong>, they offer enough space to write a <strong>first name, surname, class or pictogram<\\\/strong>, while remaining compact and legible.\\n\n\n<p>Perfect for <strong>nurseries, kindergartens, schools, summer camps or care homes<\\\/strong>, these labels can be <strong>stuck on in seconds<\\\/strong>, directly onto the garment's brand or composition label. No ironing, no sewing: a simple gesture is all it takes.<\\\/p>\\n\n\n<p><strong>Resistant to machine washing and tumble drying<\\\/strong>, they stay in place without peeling off or fading over time. Fully customisable, they come in a range of colours, fonts and fun designs to appeal to both children and adults.\\n\n\n<p>With these square labels, every member of the family can recognise their belongings at a glance and proudly say: <strong>\\u2018That's my label!\\u2019<\\\/strong><\\\/p>\",\"title\":\"Description\"}},{\"type\":\"switcher_item\",\"props\":{\"content\":\"\n\n<p><strong>Mode d\\u2019emploi \\u2013 \\u00c9tiquettes autocollantes pour v\\u00eatements<\\\/strong><\\\/p>\\n\n\n<p>Nos \\u00e9tiquettes autocollantes sont con\\u00e7ues pour \\u00eatre pos\\u00e9es facilement, sans repassage ni couture. Pour une tenue optimale, suivez ces quelques \\u00e9tapes :<\\\/p>\\n\n\n<ol>\\n\n\n<li>\\n\n\n<p><strong>Choisissez la bonne surface<\\\/strong> : l\\u2019\\u00e9tiquette doit \\u00eatre coll\\u00e9e sur une \\u00e9tiquette de composition, d\\u2019entretien ou de marque, en satin ou en polyester, cousue \\u00e0 l\\u2019int\\u00e9rieur du v\\u00eatement.<\\\/p>\\n<\\\/li>\\n\n\n<li>\\n\n\n<p><strong>Nettoyez la surface<\\\/strong> : assurez-vous que l\\u2019\\u00e9tiquette est propre, s\\u00e8che et non rugueuse.<\\\/p>\\n<\\\/li>\\n\n\n<li>\\n\n\n<p><strong>Appliquez l\\u2019\\u00e9tiquette<\\\/strong> : d\\u00e9collez l\\u2019autocollant de son support, positionnez-le soigneusement, puis appuyez fermement avec les doigts pendant quelques secondes.<\\\/p>\\n    \n\n<p>\\u00c9viter toute bulle d\\u2019air entre l\\u2019\\u00e9tiquette et son support.<\\\/p>\\n<\\\/li>\\n\n\n<li>\\n\n\n<p><strong>Laissez reposer 24h<\\\/strong> avant lavage pour assurer une bonne adh\\u00e9rence.<\\\/p>\\n<\\\/li>\\n<\\\/ol>\\n\n\n<p>Ces \\u00e9tiquettes r\\u00e9sistent aux lavages en machine (jusqu\\u2019\\u00e0 60\\u202f\\u00b0C) et aux passages au s\\u00e8che-linge doux.<\\\/p>\\n\",\"content_en_gb\":\"\n\n<p><strong>Instructions for use \\u2013 Self-adhesive clothing labels<\\\/strong><\\\/p>\\n\n\n<p>Our self-adhesive labels are designed to be easy to apply, without ironing or sewing. For optimal hold, follow these steps:<\\\/p>\\n\n\n<ol>\\n\n\n<li>\\n\n\n<p><strong>Choose the right surface<\\\/strong>: the label should be stuck onto a composition, care or brand label made of satin or polyester, sewn inside the garment.\\n<\\\/li>\\n\n\n<li>\\n\n\n<p><strong>Clean the surface<\\\/strong>: make sure the label is clean, dry and not rough. <\\\/p>\\n<\\\/li>\\n\n\n<li>\\n\n\n<p><strong>Apply the label<\\\/strong>: peel the sticker off its backing, position it carefully, then press firmly with your fingers for a few seconds.\\n    \n\n<p>Avoid any air bubbles between the label and its backing.\\n<\\\/li>\\n\n\n<li>\\n\n\n<p><strong>Leave for 24 hours<\\\/strong> before washing to ensure good adhesion. <\\\/p>\\n<\\\/li>\\n<\\\/ol>\\n\n\n<p>These labels are machine washable (up to 60\\u00b0C) and can be tumble dried on a low setting. <\\\/p>\\n\",\"title\":\"Mode d'emploi\",\"title_en_gb\":\"Instructions for use\"}},{\"type\":\"switcher_item\",\"props\":{\"title\":\"Avis\",\"title_en_gb\":\"Reviews\"}}]}]}]}]},{\"type\":\"section\",\"props\":{\"class\":\"section-related\",\"image_position\":\"center-center\",\"style\":\"default\",\"title_breakpoint\":\"xl\",\"title_position\":\"top-left\",\"title_rotation\":\"left\",\"vertical_align\":\"middle\",\"width\":\"default\"},\"children\":[{\"type\":\"row\",\"children\":[{\"type\":\"column\",\"props\":{\"image_position\":\"center-center\",\"position_sticky_breakpoint\":\"m\"},\"children\":[{\"type\":\"headline\",\"props\":{\"content\":\"Produits similaires\",\"content_en_gb\":\"Similar products\",\"title_element\":\"h2\",\"title_style\":\"h2\"}},{\"type\":\"grid_t4u\",\"props\":{\"content_column_breakpoint\":\"m\",\"filter_align\":\"left\",\"filter_all\":true,\"filter_grid_breakpoint\":\"m\",\"filter_grid_width\":\"auto\",\"filter_position\":\"top\",\"filter_style\":\"tab\",\"grid_default\":\"2\",\"grid_medium\":\"4\",\"icon_width\":80,\"image_align\":\"top\",\"image_grid_breakpoint\":\"m\",\"image_grid_width\":\"1-2\",\"image_link\":true,\"image_svg_color\":\"emphasis\",\"item_animation\":true,\"link_style\":\"link-text\",\"link_text\":\"Read more\",\"margin\":\"default\",\"meta_align\":\"below-title\",\"meta_element\":\"div\",\"meta_style\":\"text-meta\",\"panel_link\":true,\"show_content\":true,\"show_image\":true,\"show_link\":true,\"show_meta\":true,\"show_start_price\":true,\"show_sub_title\":true,\"show_title\":true,\"sub_title_element\":\"h3\",\"title_align\":\"top\",\"title_element\":\"h3\",\"title_grid_breakpoint\":\"m\",\"title_grid_width\":\"1-2\",\"title_hover_style\":\"reset\",\"title_style\":\"h3\"},\"children\":[{\"type\":\"grid_t4u_item\",\"props\":{\"sub_title\":\"2 lignes (car\\u00e9es)\",\"sub_title_en_gb\":\"2 lines (square)\",\"title\":\"\\u00c9tiquettes autocollantes\",\"title_en_gb\":\"Self-adhesive labels\"},\"source\":{\"query\":{\"name\":\"products.customProduct\",\"arguments\":{\"terms\":[],\"product_brand_operator\":\"IN\",\"product_cat_operator\":\"IN\",\"product_tag_operator\":\"IN\",\"product_visibility_operator\":\"IN\",\"users\":[],\"users_operator\":\"IN\",\"offset\":0,\"order\":\"date\",\"order_direction\":\"DESC\",\"id\":153}},\"props\":{\"start_price\":{\"filters\":{\"search\":\"\",\"before\":\"\\u00c0 partir de&nbsp; \",\"after\":\"&nbsp;\\u20ac\"},\"name\":\"field.start_price\"},\"image\":{\"filters\":{\"search\":\"\"},\"name\":\"featuredImage.url\"},\"link\":{\"filters\":{\"search\":\"\"},\"name\":\"link\"},\"start_price_en_gb\":{\"filters\":{\"search\":\"\",\"before\":\"Starting at&nbsp;\",\"after\":\"\\u20ac\"},\"name\":\"field.start_price\"}}}},{\"type\":\"grid_t4u_item\",\"props\":{\"sub_title\":\"1  ligne\",\"sub_title_en_gb\":\"1 line\",\"title\":\"\\u00c9tiquettes autocollantes\",\"title_en_gb\":\"Self-adhesive labels\"},\"source\":{\"query\":{\"name\":\"products.customProduct\",\"arguments\":{\"terms\":[],\"product_brand_operator\":\"IN\",\"product_cat_operator\":\"IN\",\"product_tag_operator\":\"IN\",\"product_visibility_operator\":\"IN\",\"users\":[],\"users_operator\":\"IN\",\"offset\":0,\"order\":\"date\",\"order_direction\":\"DESC\",\"id\":147}},\"props\":{\"start_price\":{\"filters\":{\"search\":\"\",\"before\":\"\\u00c0 partir de&nbsp; \",\"after\":\"&nbsp;\\u20ac\"},\"name\":\"field.start_price\"},\"image\":{\"filters\":{\"search\":\"\"},\"name\":\"featuredImage.url\"},\"link\":{\"filters\":{\"search\":\"\"},\"name\":\"link\"},\"start_price_en_gb\":{\"filters\":{\"search\":\"\",\"before\":\"Starting at&nbsp;\",\"after\":\"\\u20ac\"},\"name\":\"field.start_price\"}}}}],\"name\":\"related grid tag4u\"}]}]}]}],\"version\":\"4.4.8\"} --><\/p>\n","protected":false},"excerpt":{"rendered":"<p>Sometimes all it takes is a little help to change everything! With our self-adhesive clothing labels, say goodbye to the iron and hello to simplicity.<\/p>\n<p>Easy to apply, you just have to stick them directly on the brand label of the garment&#8230; and that&#8217;s it! In addition to being practical, these adorable stickers are fully customizable: first name, pattern, color, font&#8230; everything is possible to make them unique, in the image of your child or loved one.<\/p>\n<p>At the nursery, kindergarten, school or even in a retirement home (EHPAD), no more misplaced or mixed clothes! Each garment finds its owner in the blink of an eye. Imagine the peace of mind of your child easily finding his sweater at daycare, or of a loved one in a nursing home who finds his or her belongings without confusion.<\/p>\n<p>Resistant to washes up to 60\u00b0<\/p>\n","protected":false},"featured_media":762,"comment_status":"open","ping_status":"closed","template":"","meta":{"_acf_changed":false},"product_brand":[],"product_cat":[23],"product_tag":[],"class_list":{"0":"post-150","1":"product","2":"type-product","3":"status-publish","4":"has-post-thumbnail","6":"product_cat-self-adhesive-labels","8":"first","9":"instock","10":"sold-individually","11":"taxable","12":"shipping-taxable","13":"purchasable","14":"product-type-simple"},"acf":[],"_links":{"self":[{"href":"https:\/\/www.tag4u.fr\/en\/wp-json\/wp\/v2\/product\/150","targetHints":{"allow":["GET"]}}],"collection":[{"href":"https:\/\/www.tag4u.fr\/en\/wp-json\/wp\/v2\/product"}],"about":[{"href":"https:\/\/www.tag4u.fr\/en\/wp-json\/wp\/v2\/types\/product"}],"replies":[{"embeddable":true,"href":"https:\/\/www.tag4u.fr\/en\/wp-json\/wp\/v2\/comments?post=150"}],"wp:featuredmedia":[{"embeddable":true,"href":"https:\/\/www.tag4u.fr\/en\/wp-json\/wp\/v2\/media\/762"}],"wp:attachment":[{"href":"https:\/\/www.tag4u.fr\/en\/wp-json\/wp\/v2\/media?parent=150"}],"wp:term":[{"taxonomy":"product_brand","embeddable":true,"href":"https:\/\/www.tag4u.fr\/en\/wp-json\/wp\/v2\/product_brand?post=150"},{"taxonomy":"product_cat","embeddable":true,"href":"https:\/\/www.tag4u.fr\/en\/wp-json\/wp\/v2\/product_cat?post=150"},{"taxonomy":"product_tag","embeddable":true,"href":"https:\/\/www.tag4u.fr\/en\/wp-json\/wp\/v2\/product_tag?post=150"}],"curies":[{"name":"wp","href":"https:\/\/api.w.org\/{rel}","templated":true}]}}