{"id":164,"date":"2025-01-15T15:17:16","date_gmt":"2025-01-15T14:17:16","guid":{"rendered":"http:\/\/localhost\/tag4u\/?post_type=product&#038;p=164"},"modified":"2026-01-28T12:41:14","modified_gmt":"2026-01-28T11:41:14","slug":"etiquettes-mini-pour-crayons-feutres-et-stylos","status":"publish","type":"product","link":"https:\/\/www.tag4u.fr\/en\/product\/object-labels-mini\/","title":{"rendered":"Mini object labels for pencils, markers and pens"},"content":{"rendered":"<h1>\u00c9tiquettes Objets<\/h1>\n<h2> mini<\/h2>\n<table>\n<thead>\n<tr>\n<th>Nombre d&#8217;exemplaires<\/th>\n<th><\/th>\n<\/tr>\n<\/thead>\n<tbody>\n<tr>\n<td>20 ex.<\/td>\n<td>\n<p>4.50 \u20ac<\/p>\n<\/td>\n<\/tr>\n<tr>\n<td>40 ex.<\/td>\n<td>\n<p>8.00 \u20ac<\/p>\n<\/td>\n<\/tr>\n<tr>\n<td>60 ex.<\/td>\n<td>\n<p>10.00 \u20ac<\/p>\n<\/td>\n<\/tr>\n<tr>\n<td>80 ex.<\/td>\n<td>\n<p>12.50 \u20ac<\/p>\n<\/td>\n<\/tr>\n<tr>\n<td>100 ex.<\/td>\n<td>\n<p>14.00 \u20ac<\/p>\n<\/td>\n<\/tr>\n<tr>\n<td>120 ex.<\/td>\n<td>\n<p>16.00 \u20ac<\/p>\n<\/td>\n<\/tr>\n<\/tbody>\n<\/table>\n<div>\n<p>    <img decoding=\"async\" src=\"\/wp-content\/uploads\/2025\/05\/ul-greenguard-certification.svg\" alt=\"\"><\/p>\n<\/div>\n<div>\n<p>Certifi\u00e9es GREENGUARD: \u00e9tiquettes sans substances nocives et \u00e0 faible \u00e9missions, s\u00fbres pour la peau et l&#8217;air int\u00e9rieur.<\/p>\n<\/div>\n<p>\n    <a href=\"#section-configuration\">Acheter et configurer<\/a>\n<\/p>\n<h5>Ma personnalisation<\/h5>\n<div>\n<div id=\"preview-wrapper\"><\/div>\n<\/div>\n<div>Pr\u00e9visualisation non contractuelle<br \/>Nous adapterons<br \/>\nvotre texte et image avec pr\u00e9cision<\/div>\n<div>(46 x 6 mm)<\/div>\n<div>\n<div id=\"container_configuration\"><\/div>\n<\/div>\n<ul>\n<li>\n<h3>Description<\/h3>\n<div>\n<p><strong>\u00c9tiquettes autocollantes petit format<\/strong> sont id\u00e9ales pour identifier facilement les crayons, feutres, stylos, surligneurs, r\u00e8gles, ciseaux et tous les objets de la trousse scolaire. Gr\u00e2ce \u00e0 leur <strong>forme fine et allong\u00e9e<\/strong>, elles s\u2019adaptent parfaitement \u00e0 la surface des fournitures sans les g\u00eaner ni se d\u00e9coller.<\/p>\n<p>Faciles \u00e0 poser, elles se collent en un geste sur une surface propre et lisse, sans besoin de colle, de repassage ni de protection. En quelques secondes, chaque objet est identifi\u00e9 clairement avec un <strong>pr\u00e9nom, un nom ou des initiales<\/strong>, \u00e9vitant ainsi les \u00e9changes entre camarades de classe et les pertes r\u00e9p\u00e9t\u00e9es.<\/p>\n<p>Ces \u00e9tiquettes sont <strong>r\u00e9sistantes \u00e0 l\u2019eau et aux frottements<\/strong>, pour rester lisibles toute l\u2019ann\u00e9e scolaire. Disponibles en plusieurs couleurs et typographies, elles sont <strong>enti\u00e8rement personnalisables<\/strong> pour plaire aux enfants comme aux plus grands.<\/p>\n<p>Un petit format, mais un grand coup de pouce au quotidien pour garder toutes les affaires \u00e0 leur place\u2026 et pouvoir dire \u00e0 l\u2019\u00e9cole comme \u00e0 la maison : <strong>\u00ab C\u2019est mon \u00e9tiquette ! \u00bb<\/strong><\/p>\n<\/div>\n<\/li>\n<li>\n<h3>Mode d&#8217;emploi<\/h3>\n<div>\n<p><span>Positionnez l\u2019autocollant sur une surface lise,\u00a0 propre, et s\u00e8che.<\/span><\/p>\n<p>Appuyez quelques secondes.<\/p>\n<p><span>Nos autocollants r\u00e9sistent au lave-vaisselle et r\u00e9frig\u00e9rateur.<\/span><\/p>\n<\/div>\n<\/li>\n<li>\n<h3>Avis<\/h3>\n<\/li>\n<\/ul>\n<h2>Produits similaires<\/h2>\n<ul>\n<li>\n<h3>\u00c9tiquettes objet<\/h3>\n<h3>1 ligne<\/h3>\n<\/li>\n<li>\n<h3>\u00c9tiquettes objet<\/h3>\n<h3>2 lignes<\/h3>\n<\/li>\n<\/ul>\n<p><!--more--><br \/>\n<!-- {\"type\":\"layout\",\"children\":[{\"type\":\"section\",\"props\":{\"class\":\"section-breadcrumbs uk-visible@m\",\"html_element\":\"section\",\"image_position\":\"center-center\",\"padding_remove_bottom\":true,\"style\":\"default\",\"title_breakpoint\":\"xl\",\"title_position\":\"top-left\",\"title_rotation\":\"left\",\"vertical_align\":\"middle\",\"width\":\"default\"},\"children\":[{\"type\":\"row\",\"children\":[{\"type\":\"column\",\"props\":{\"image_position\":\"center-center\",\"position_sticky_breakpoint\":\"m\"},\"children\":[{\"type\":\"breadcrumbs\",\"props\":{\"show_current\":true,\"show_home\":true}}]}]}]},{\"type\":\"section\",\"props\":{\"class\":\"section-product-header\",\"html_element\":\"section\",\"image_position\":\"center-center\",\"padding\":\"xsmall\",\"style\":\"default\",\"title_breakpoint\":\"xl\",\"title_position\":\"top-left\",\"title_rotation\":\"left\",\"vertical_align\":\"middle\",\"width\":\"default\"},\"children\":[{\"type\":\"row\",\"props\":{\"layout\":\"1-2,1-2\"},\"children\":[{\"type\":\"column\",\"props\":{\"image_position\":\"center-center\",\"position_sticky_breakpoint\":\"m\",\"width_medium\":\"1-2\"},\"children\":[{\"type\":\"woo_images\",\"props\":{\"maxwidth\":\"large\"}}]},{\"type\":\"column\",\"props\":{\"image_position\":\"center-center\",\"position_sticky_breakpoint\":\"m\",\"width_medium\":\"1-2\"},\"children\":[{\"type\":\"headline\",\"props\":{\"class\":\"title\",\"content\":\"\\u00c9tiquettes Objets\",\"content_en_gb\":\"Labels Objects\",\"title_color\":\"primary\",\"title_element\":\"h1\",\"title_style\":\"h2\"}},{\"type\":\"headline\",\"props\":{\"class\":\"sub-title\",\"content\":\" mini\",\"title_color\":\"primary\",\"title_element\":\"h2\",\"title_style\":\"h2\"}},{\"type\":\"woo_description\",\"props\":{\"description\":\"short_description\"}},{\"type\":\"fragment\",\"props\":{\"margin\":\"default\"},\"children\":[{\"type\":\"row\",\"props\":{\"layout\":\"1-2,1-2\"},\"children\":[{\"type\":\"column\",\"props\":{\"image_position\":\"center-center\",\"position_sticky_breakpoint\":\"m\",\"width_medium\":\"1-2\"},\"children\":[{\"type\":\"table\",\"props\":{\"class\":\"product-table-price\",\"content_style\":\"text-meta\",\"image_svg_color\":\"emphasis\",\"link_style\":\"default\",\"link_text\":\"Read more\",\"meta_style\":\"text-meta\",\"show_content\":true,\"show_image\":false,\"show_link\":false,\"show_meta\":false,\"show_title\":true,\"table_head_title\":\"Nombre d'exemplaires\",\"table_head_title_en_gb\":\"Number of copies\",\"table_hover\":false,\"table_justify\":true,\"table_order\":\"1\",\"table_responsive\":\"overflow\",\"table_size\":\"small\",\"table_style\":\"striped\",\"table_vertical_align\":true,\"table_width_meta\":\"shrink\",\"table_width_title\":\"shrink\"},\"children\":[{\"type\":\"table_item\",\"props\":{\"content\":\"\n\n<p>4.50 \\u20ac<\\\/p>\",\"title\":\"20 ex.\"}},{\"type\":\"table_item\",\"props\":{\"content\":\"\n\n<p>8.00 \\u20ac<\\\/p>\",\"title\":\"40 ex.\"}},{\"type\":\"table_item\",\"props\":{\"content\":\"\n\n<p>10.00 \\u20ac<\\\/p>\",\"title\":\"60 ex.\"}},{\"type\":\"table_item\",\"props\":{\"content\":\"\n\n<p>12.50 \\u20ac<\\\/p>\",\"title\":\"80 ex.\"}},{\"type\":\"table_item\",\"props\":{\"content\":\"\n\n<p>14.00 \\u20ac<\\\/p>\",\"title\":\"100 ex.\"}},{\"type\":\"table_item\",\"props\":{\"content\":\"\n\n<p>16.00 \\u20ac<\\\/p>\",\"title\":\"120 ex.\"}}]}]},{\"type\":\"column\",\"props\":{\"class\":\"product-norme\",\"image_position\":\"center-center\",\"position_sticky_breakpoint\":\"m\",\"width_medium\":\"1-2\"},\"children\":[{\"type\":\"gallery\",\"props\":{\"class\":\"norme-image\",\"filter_align\":\"left\",\"filter_all\":true,\"filter_grid_breakpoint\":\"m\",\"filter_grid_width\":\"auto\",\"filter_position\":\"top\",\"filter_style\":\"tab\",\"grid_default\":\"2\",\"grid_medium\":\"3\",\"item_animation\":true,\"link_style\":\"default\",\"link_text\":\"Read more\",\"margin\":\"default\",\"meta_align\":\"below-title\",\"meta_element\":\"div\",\"meta_style\":\"text-meta\",\"overlay_hover\":true,\"overlay_mode\":\"cover\",\"overlay_position\":\"center\",\"overlay_style\":\"overlay-primary\",\"overlay_transition\":\"fade\",\"show_content\":false,\"show_hover_image\":false,\"show_hover_video\":false,\"show_link\":false,\"show_meta\":false,\"show_title\":false,\"text_align\":\"center\",\"text_color\":\"light\",\"title_element\":\"h3\",\"title_hover_style\":\"reset\"},\"children\":[{\"type\":\"gallery_item\",\"props\":{\"image\":\"wp-content\\\/uploads\\\/2025\\\/05\\\/ul-greenguard-certification.svg\"}}]},{\"type\":\"text\",\"props\":{\"class\":\"norme-text\",\"column_breakpoint\":\"m\",\"content\":\"\n\n<p>Certifi\\u00e9es GREENGUARD: \\u00e9tiquettes sans substances nocives et \\u00e0 faible \\u00e9missions, s\\u00fbres pour la peau et l'air int\\u00e9rieur.<\\\/p>\",\"content_en_gb\":\"\n\n<p>GREENGUARD certified: labels free from harmful substances and low in emissions, safe for the skin and indoor air.\\n<\\\/p>\",\"margin\":\"default\"}}]}]}],\"name\":\"sub thermo table finale\"},{\"type\":\"button\",\"props\":{\"grid_column_gap\":\"small\",\"grid_row_gap\":\"small\",\"margin\":\"default\",\"text_align\":\"center\"},\"children\":[{\"type\":\"button_item\",\"props\":{\"button_style\":\"primary\",\"content\":\"Acheter et configurer\",\"content_en_gb\":\"Buy and configure\",\"icon\":\"arrow-down\",\"icon_align\":\"left\",\"link\":\"#section-configuration\",\"link_title\":\"Acteter\",\"link_title_en_gb\":\"Buy\"}}]}]}]}]},{\"type\":\"section\",\"props\":{\"html_element\":\"section\",\"id\":\"section-configuration\",\"image_position\":\"center-center\",\"style\":\"default\",\"title_breakpoint\":\"xl\",\"title_position\":\"top-left\",\"title_rotation\":\"left\",\"vertical_align\":\"middle\",\"width\":\"default\"},\"children\":[{\"type\":\"row\",\"children\":[{\"type\":\"column\",\"props\":{\"image_position\":\"center-center\",\"position_sticky_breakpoint\":\"m\"},\"children\":[{\"type\":\"headline\",\"props\":{\"content\":\"Ma personnalisation\",\"content_en_gb\":\"My personalisation\",\"id\":\"tag4u_headline\",\"text_align\":\"center\",\"title_color\":\"muted\",\"title_decoration\":\"line\",\"title_element\":\"h5\",\"title_style\":\"h5\"}},{\"type\":\"html\",\"props\":{\"class\":\"objet_1\",\"content\":\"\n\n<div id=\\\"preview-wrapper\\\"><\\\/div>\",\"id\":\"tag4u_preview_wrapper\"},\"name\":\"preview wrapper\"},{\"type\":\"text\",\"props\":{\"column_breakpoint\":\"m\",\"content\":\"Pr\\u00e9visualisation non contractuelle<br\\\/>Nous adapterons\\nvotre texte et image avec pr\\u00e9cision\",\"content_en_gb\":\"Non-binding preview<br\\\/>We will adapt\\nyour text and image with precision\",\"id\":\"tag4u_text_contractuelle\",\"margin\":\"default\",\"text_align\":\"center\",\"text_color\":\"muted\",\"text_style\":\"small\"},\"name\":\"text contractuelle\"},{\"type\":\"text\",\"props\":{\"column_breakpoint\":\"m\",\"content\":\"(46 x 6 mm)\",\"id\":\"ta4u_taille\",\"margin\":\"default\",\"text_align\":\"center\",\"text_color\":\"muted\",\"text_style\":\"small\"},\"name\":\"taille\"},{\"type\":\"html\",\"props\":{\"content\":\"\n\n<div id=\\\"container_configuration\\\"><\\\/div>\",\"id\":\"tag4_container_configuration\"}},{\"type\":\"woo_add_to_cart\"}]}]}]},{\"type\":\"section\",\"props\":{\"class\":\"section-switcher\",\"html_element\":\"section\",\"image_position\":\"center-center\",\"style\":\"default\",\"title_breakpoint\":\"xl\",\"title_position\":\"top-left\",\"title_rotation\":\"left\",\"vertical_align\":\"middle\",\"width\":\"default\"},\"children\":[{\"type\":\"row\",\"children\":[{\"type\":\"column\",\"props\":{\"image_position\":\"center-center\",\"position_sticky_breakpoint\":\"m\"},\"children\":[{\"type\":\"switcher\",\"props\":{\"content_column_breakpoint\":\"m\",\"image_align\":\"top\",\"image_grid_breakpoint\":\"m\",\"image_grid_width\":\"1-2\",\"image_svg_color\":\"emphasis\",\"link_style\":\"default\",\"link_text\":\"Read more\",\"margin\":\"default\",\"meta_align\":\"below-title\",\"meta_element\":\"div\",\"meta_style\":\"text-meta\",\"nav\":\"tab\",\"nav_align\":\"left\",\"nav_grid_breakpoint\":\"m\",\"nav_grid_width\":\"auto\",\"nav_position\":\"top\",\"show_content\":true,\"show_image\":true,\"show_label\":true,\"show_link\":true,\"show_meta\":true,\"show_thumbnail\":true,\"show_title\":false,\"switcher_animation\":\"fade\",\"switcher_height\":false,\"thumbnav_height\":\"75\",\"thumbnav_svg_color\":\"emphasis\",\"thumbnav_width\":\"100\",\"title_align\":\"top\",\"title_element\":\"h3\",\"title_grid_breakpoint\":\"m\",\"title_grid_width\":\"1-2\"},\"children\":[{\"type\":\"switcher_item\",\"props\":{\"content\":\"\n\n<p><strong>\\u00c9tiquettes autocollantes petit format<\\\/strong> sont id\\u00e9ales pour identifier facilement les crayons, feutres, stylos, surligneurs, r\\u00e8gles, ciseaux et tous les objets de la trousse scolaire. Gr\\u00e2ce \\u00e0 leur <strong>forme fine et allong\\u00e9e<\\\/strong>, elles s\\u2019adaptent parfaitement \\u00e0 la surface des fournitures sans les g\\u00eaner ni se d\\u00e9coller.<\\\/p>\\n\n\n<p>Faciles \\u00e0 poser, elles se collent en un geste sur une surface propre et lisse, sans besoin de colle, de repassage ni de protection. En quelques secondes, chaque objet est identifi\\u00e9 clairement avec un <strong>pr\\u00e9nom, un nom ou des initiales<\\\/strong>, \\u00e9vitant ainsi les \\u00e9changes entre camarades de classe et les pertes r\\u00e9p\\u00e9t\\u00e9es.<\\\/p>\\n\n\n<p>Ces \\u00e9tiquettes sont <strong>r\\u00e9sistantes \\u00e0 l\\u2019eau et aux frottements<\\\/strong>, pour rester lisibles toute l\\u2019ann\\u00e9e scolaire. Disponibles en plusieurs couleurs et typographies, elles sont <strong>enti\\u00e8rement personnalisables<\\\/strong> pour plaire aux enfants comme aux plus grands.<\\\/p>\\n\n\n<p>Un petit format, mais un grand coup de pouce au quotidien pour garder toutes les affaires \\u00e0 leur place\\u2026 et pouvoir dire \\u00e0 l\\u2019\\u00e9cole comme \\u00e0 la maison : <strong>\\u00ab C\\u2019est mon \\u00e9tiquette ! \\u00bb<\\\/strong><\\\/p>\",\"content_en_gb\":\"\n\n<p><strong>Small self-adhesive labels<\\\/strong> are ideal for easily identifying pencils, felt-tip pens, pens, highlighters, rulers, scissors and all other items in a school pencil case. Thanks to their <strong>slim, elongated shape<\\\/strong>, they fit perfectly on the surface of school supplies without getting in the way or coming unstuck.\\n\n\n<p>Easy to apply, they stick to clean, smooth surfaces in one simple step, without the need for glue, ironing or protection. In just a few seconds, each item is clearly labelled with a <strong>first name, surname or initials<\\\/strong>, preventing mix-ups between classmates and repeated losses.\\n\n\n<p>These labels are <strong>water and friction resistant<\\\/strong>, so they remain legible throughout the school year. Available in several colours and fonts, they are <strong>fully customisable<\\\/strong> to appeal to children and adults alike.\\n\n\n<p>Small in size, but a big help in keeping everything in its place every day... so you can say at school and at home: <strong>\\u2018That's my label!\\u2019<\\\/strong><\\\/p>\",\"title\":\"Description\"}},{\"type\":\"switcher_item\",\"props\":{\"content\":\"\n\n<p><span>Positionnez l\\u2019autocollant sur une surface lise,\\u00a0 propre, et s\\u00e8che.<\\\/span><\\\/p>\\n\n\n<p>Appuyez quelques secondes.<\\\/p>\\n\n\n<p><span>Nos autocollants r\\u00e9sistent au lave-vaisselle et r\\u00e9frig\\u00e9rateur.<\\\/span><\\\/p>\\n\",\"content_en_gb\":\"\n\n<p><span>Place the sticker on a smooth, clean, dry surface.<\\\/span><\\\/p>\\n\n\n<p>Press down for a few seconds.<\\\/p>\\n\n\n<p><span>Our stickers are dishwasher and refrigerator safe.<\\\/span><\\\/p>\",\"title\":\"Mode d'emploi\",\"title_en_gb\":\"Instructions for use\"}},{\"type\":\"switcher_item\",\"props\":{\"title\":\"Avis\"}}]}]}]}]},{\"type\":\"section\",\"props\":{\"class\":\"section-related\",\"html_element\":\"section\",\"image_position\":\"center-center\",\"style\":\"default\",\"title_breakpoint\":\"xl\",\"title_position\":\"top-left\",\"title_rotation\":\"left\",\"vertical_align\":\"middle\",\"width\":\"default\"},\"children\":[{\"type\":\"row\",\"children\":[{\"type\":\"column\",\"props\":{\"image_position\":\"center-center\",\"position_sticky_breakpoint\":\"m\"},\"children\":[{\"type\":\"headline\",\"props\":{\"content\":\"Produits similaires\",\"content_en_gb\":\"Similar products\",\"title_element\":\"h2\",\"title_style\":\"h2\"}},{\"type\":\"grid_t4u\",\"props\":{\"content_column_breakpoint\":\"m\",\"filter_align\":\"left\",\"filter_all\":true,\"filter_grid_breakpoint\":\"m\",\"filter_grid_width\":\"auto\",\"filter_position\":\"top\",\"filter_style\":\"tab\",\"grid_default\":\"2\",\"grid_medium\":\"4\",\"icon_width\":80,\"image_align\":\"top\",\"image_grid_breakpoint\":\"m\",\"image_grid_width\":\"1-2\",\"image_link\":true,\"image_svg_color\":\"emphasis\",\"item_animation\":true,\"link_style\":\"link-text\",\"link_text\":\"Read more\",\"margin\":\"default\",\"meta_align\":\"below-title\",\"meta_element\":\"div\",\"meta_style\":\"text-meta\",\"panel_link\":true,\"show_content\":true,\"show_image\":true,\"show_link\":true,\"show_meta\":true,\"show_start_price\":true,\"show_sub_title\":true,\"show_title\":true,\"sub_title_element\":\"h3\",\"title_align\":\"top\",\"title_element\":\"h3\",\"title_grid_breakpoint\":\"m\",\"title_grid_width\":\"1-2\",\"title_hover_style\":\"reset\",\"title_style\":\"h3\"},\"children\":[{\"type\":\"grid_t4u_item\",\"props\":{\"sub_title\":\"1 ligne\",\"sub_title_en_gb\":\"1 line\",\"title\":\"\\u00c9tiquettes objet\",\"title_en_gb\":\"Object labels\"},\"source\":{\"query\":{\"name\":\"products.customProduct\",\"arguments\":{\"terms\":[],\"product_brand_operator\":\"IN\",\"product_cat_operator\":\"IN\",\"product_tag_operator\":\"IN\",\"product_visibility_operator\":\"IN\",\"users\":[],\"users_operator\":\"IN\",\"offset\":0,\"order\":\"date\",\"order_direction\":\"DESC\",\"id\":171}},\"props\":{\"start_price\":{\"filters\":{\"search\":\"\",\"before\":\"\\u00c0 partir de&nbsp; \",\"after\":\"&nbsp;\\u20ac\"},\"name\":\"field.start_price\"},\"image\":{\"filters\":{\"search\":\"\"},\"name\":\"featuredImage.url\"},\"link\":{\"filters\":{\"search\":\"\"},\"name\":\"link\"},\"start_price_en_gb\":{\"filters\":{\"search\":\"\",\"before\":\"Starting at&nbsp;\",\"after\":\"\\u20ac\"},\"name\":\"field.start_price\"}}}},{\"type\":\"grid_t4u_item\",\"props\":{\"sub_title\":\"2 lignes\",\"sub_title_en_gb\":\"2 lines\",\"title\":\"\\u00c9tiquettes objet\",\"title_en_gb\":\"Object labels\"},\"source\":{\"query\":{\"name\":\"products.customProduct\",\"arguments\":{\"terms\":[],\"product_brand_operator\":\"IN\",\"product_cat_operator\":\"IN\",\"product_tag_operator\":\"IN\",\"product_visibility_operator\":\"IN\",\"users\":[],\"users_operator\":\"IN\",\"offset\":0,\"order\":\"date\",\"order_direction\":\"DESC\",\"id\":176}},\"props\":{\"start_price\":{\"filters\":{\"search\":\"\",\"before\":\"\\u00c0 partir de&nbsp; \",\"after\":\"&nbsp;\\u20ac\"},\"name\":\"field.start_price\"},\"image\":{\"filters\":{\"search\":\"\"},\"name\":\"featuredImage.url\"},\"link\":{\"filters\":{\"search\":\"\"},\"name\":\"link\"},\"start_price_en_gb\":{\"filters\":{\"search\":\"\",\"before\":\"Starting at&nbsp;\",\"after\":\"\\u20ac\"},\"name\":\"field.start_price\"}}}}],\"name\":\"related grid tag4u\"}]}]}]}],\"version\":\"4.4.8\"} --><\/p>\n","protected":false},"excerpt":{"rendered":"<p>Discover our range of self-adhesive object labels to identify everyday objects:<br \/>\nTo avoid losing or to avoid pens being exchanged with the classmate, these thin labels to stick on ballpoint pens, colored pencils, highlighters, allow you to mark his name on all the things in his school kit. Allowing children but also adults to easily find their personal belongings.<\/p>\n","protected":false},"featured_media":766,"comment_status":"open","ping_status":"closed","template":"","meta":{"_acf_changed":false},"product_brand":[],"product_cat":[24],"product_tag":[],"class_list":{"0":"post-164","1":"product","2":"type-product","3":"status-publish","4":"has-post-thumbnail","6":"product_cat-object-labels","8":"first","9":"instock","10":"sold-individually","11":"taxable","12":"shipping-taxable","13":"purchasable","14":"product-type-simple"},"acf":[],"_links":{"self":[{"href":"https:\/\/www.tag4u.fr\/en\/wp-json\/wp\/v2\/product\/164","targetHints":{"allow":["GET"]}}],"collection":[{"href":"https:\/\/www.tag4u.fr\/en\/wp-json\/wp\/v2\/product"}],"about":[{"href":"https:\/\/www.tag4u.fr\/en\/wp-json\/wp\/v2\/types\/product"}],"replies":[{"embeddable":true,"href":"https:\/\/www.tag4u.fr\/en\/wp-json\/wp\/v2\/comments?post=164"}],"wp:featuredmedia":[{"embeddable":true,"href":"https:\/\/www.tag4u.fr\/en\/wp-json\/wp\/v2\/media\/766"}],"wp:attachment":[{"href":"https:\/\/www.tag4u.fr\/en\/wp-json\/wp\/v2\/media?parent=164"}],"wp:term":[{"taxonomy":"product_brand","embeddable":true,"href":"https:\/\/www.tag4u.fr\/en\/wp-json\/wp\/v2\/product_brand?post=164"},{"taxonomy":"product_cat","embeddable":true,"href":"https:\/\/www.tag4u.fr\/en\/wp-json\/wp\/v2\/product_cat?post=164"},{"taxonomy":"product_tag","embeddable":true,"href":"https:\/\/www.tag4u.fr\/en\/wp-json\/wp\/v2\/product_tag?post=164"}],"curies":[{"name":"wp","href":"https:\/\/api.w.org\/{rel}","templated":true}]}}