{"id":171,"date":"2025-06-27T16:12:25","date_gmt":"2025-06-27T14:12:25","guid":{"rendered":"http:\/\/localhost\/tag4u\/?post_type=product&#038;p=171"},"modified":"2026-01-28T14:27:07","modified_gmt":"2026-01-28T13:27:07","slug":"etiquettes-objets-1-ligne","status":"publish","type":"product","link":"https:\/\/www.tag4u.fr\/en\/product\/object-labels-1-line\/","title":{"rendered":"Object Labels 1 Line"},"content":{"rendered":"<h1>\u00c9tiquettes Objets<\/h1>\n<h2>1 ligne<\/h2>\n<table>\n<thead>\n<tr>\n<th>Nombre d&#8217;exemplaires<\/th>\n<th><\/th>\n<\/tr>\n<\/thead>\n<tbody>\n<tr>\n<td>12 ex.<\/td>\n<td>\n<p>3.00 \u20ac<\/p>\n<\/td>\n<\/tr>\n<tr>\n<td>24 ex.<\/td>\n<td>\n<p>5.50 \u20ac<\/p>\n<\/td>\n<\/tr>\n<tr>\n<td>36 ex.<\/td>\n<td>\n<p>8.00 \u20ac<\/p>\n<\/td>\n<\/tr>\n<tr>\n<td>60 ex.<\/td>\n<td>\n<p>12.00 \u20ac<\/p>\n<\/td>\n<\/tr>\n<tr>\n<td>120 ex.<\/td>\n<td>\n<p>17.00 \u20ac<\/p>\n<\/td>\n<\/tr>\n<tr>\n<td>180 ex.<\/td>\n<td>\n<p>21.00 \u20ac<\/p>\n<\/td>\n<\/tr>\n<\/tbody>\n<\/table>\n<div>\n<p>    <img decoding=\"async\" src=\"\/wp-content\/uploads\/2025\/05\/ul-greenguard-certification.svg\" alt=\"\"><\/p>\n<\/div>\n<div>\n<p>Certifi\u00e9es GREENGUARD: \u00e9tiquettes sans substances nocives et \u00e0 faible \u00e9missions, s\u00fbres pour la peau et l&#8217;air int\u00e9rieur.<\/p>\n<\/div>\n<p>\n    <a href=\"#section-configuration\">Acheter et configurer<\/a>\n<\/p>\n<h5>Ma personnalisation<\/h5>\n<div>\n<div id=\"preview-wrapper\"><\/div>\n<\/div>\n<div>Pr\u00e9visualisation non contractuelle<br \/>Nous adapterons<br \/>\nvotre texte et image avec pr\u00e9cision<\/div>\n<div>(56 x 11 mm)<\/div>\n<div>\n<div id=\"container_configuration\"><\/div>\n<\/div>\n<ul>\n<li>\n<h3>Description<\/h3>\n<div>\n<p><strong>Des \u00e9tiquettes pratiques et durables pour identifier tous les objets du quotidien !<\/strong><\/p>\n<p><strong>\u00e9tiquettes autocollantes personnalis\u00e9es 1 ligne<\/strong> sont con\u00e7ues pour marquer rapidement et efficacement une grande vari\u00e9t\u00e9 d\u2019objets : cahiers, classeurs, biberons, bo\u00eetes \u00e0 go\u00fbter, gourdes, jouets, mat\u00e9riel de loisirs ou de sport\u2026 Elles offrent un format simple et lisible, parfait pour inscrire un <strong>pr\u00e9nom, un nom ou un num\u00e9ro<\/strong>, et s\u2019adaptent \u00e0 tous les usages, \u00e0 la maison comme \u00e0 l\u2019\u00e9cole ou en cr\u00e8che.<\/p>\n<p>Faciles \u00e0 poser, elles se collent en un seul geste sur une surface propre et s\u00e8che, sans besoin de repassage ou de couture. Leur <strong>adh\u00e9sif puissant<\/strong> assure une excellente tenue, m\u00eame sur les objets soumis \u00e0 l\u2019humidit\u00e9 ou aux frottements fr\u00e9quents. Elles sont \u00e9galement <strong>r\u00e9sistantes au lave-vaisselle<\/strong>, au micro-ondes et \u00e0 l\u2019eau.<\/p>\n<p>Ces \u00e9tiquettes sont disponibles en plusieurs coloris et polices d\u2019\u00e9criture, pour une <strong>personnalisation rapide et ludique<\/strong>, id\u00e9ale pour les enfants comme pour les adultes.<\/p>\n<p>Avec nos \u00e9tiquettes 1 ligne, ne perdez plus rien, identifiez tout\u2026<\/p>\n<\/div>\n<\/li>\n<li>\n<h3>Mode d&#8217;emploi<\/h3>\n<div>\n<p><span>Positionnez l\u2019autocollant sur une surface lise,\u00a0 propre, et s\u00e8che.<\/span><\/p>\n<p>Appuyez quelques secondes.<\/p>\n<p><span>Nos autocollants r\u00e9sistent au lave-vaisselle et r\u00e9frig\u00e9rateur.<\/span><\/p>\n<\/div>\n<\/li>\n<li>\n<h3>Avis<\/h3>\n<\/li>\n<\/ul>\n<h2>Produits similaires<\/h2>\n<ul>\n<li>\n<h3>\u00c9tiquettes objet<\/h3>\n<h3>mini<\/h3>\n<\/li>\n<li>\n<h3>\u00c9tiquettes objet<\/h3>\n<h3>2 lignes<\/h3>\n<\/li>\n<\/ul>\n<p><!--more--><br \/>\n<!-- {\"type\":\"layout\",\"children\":[{\"type\":\"section\",\"props\":{\"class\":\"section-breadcrumbs uk-visible@m\",\"html_element\":\"section\",\"image_position\":\"center-center\",\"padding_remove_bottom\":true,\"style\":\"default\",\"title_breakpoint\":\"xl\",\"title_position\":\"top-left\",\"title_rotation\":\"left\",\"vertical_align\":\"middle\",\"width\":\"default\"},\"children\":[{\"type\":\"row\",\"children\":[{\"type\":\"column\",\"props\":{\"image_position\":\"center-center\",\"position_sticky_breakpoint\":\"m\"},\"children\":[{\"type\":\"breadcrumbs\",\"props\":{\"show_current\":true,\"show_home\":true}}]}]}]},{\"type\":\"section\",\"props\":{\"class\":\"section-product-header\",\"html_element\":\"section\",\"image_position\":\"center-center\",\"padding\":\"xsmall\",\"style\":\"default\",\"title_breakpoint\":\"xl\",\"title_position\":\"top-left\",\"title_rotation\":\"left\",\"vertical_align\":\"middle\",\"width\":\"default\"},\"children\":[{\"type\":\"row\",\"props\":{\"layout\":\"1-2,1-2\"},\"children\":[{\"type\":\"column\",\"props\":{\"image_position\":\"center-center\",\"position_sticky_breakpoint\":\"m\",\"width_medium\":\"1-2\"},\"children\":[{\"type\":\"woo_images\",\"props\":{\"maxwidth\":\"large\"}}]},{\"type\":\"column\",\"props\":{\"image_position\":\"center-center\",\"position_sticky_breakpoint\":\"m\",\"width_medium\":\"1-2\"},\"children\":[{\"type\":\"headline\",\"props\":{\"class\":\"title\",\"content\":\"\\u00c9tiquettes Objets\",\"content_en_gb\":\"Object labels\",\"title_color\":\"primary\",\"title_element\":\"h1\",\"title_style\":\"h2\"}},{\"type\":\"headline\",\"props\":{\"class\":\"sub-title\",\"content\":\"1 ligne\",\"content_en_gb\":\"1 line\",\"title_color\":\"primary\",\"title_element\":\"h2\",\"title_style\":\"h2\"}},{\"type\":\"woo_description\",\"props\":{\"description\":\"short_description\"}},{\"type\":\"fragment\",\"props\":{\"margin\":\"default\"},\"children\":[{\"type\":\"row\",\"props\":{\"layout\":\"1-2,1-2\"},\"children\":[{\"type\":\"column\",\"props\":{\"image_position\":\"center-center\",\"position_sticky_breakpoint\":\"m\",\"width_medium\":\"1-2\"},\"children\":[{\"type\":\"table\",\"props\":{\"class\":\"product-table-price\",\"content_style\":\"text-meta\",\"image_svg_color\":\"emphasis\",\"link_style\":\"default\",\"link_text\":\"Read more\",\"meta_style\":\"text-meta\",\"show_content\":true,\"show_image\":false,\"show_link\":false,\"show_meta\":false,\"show_title\":true,\"table_head_title\":\"Nombre d'exemplaires\",\"table_head_title_en_gb\":\"Number of copies\",\"table_hover\":false,\"table_justify\":true,\"table_order\":\"1\",\"table_responsive\":\"overflow\",\"table_size\":\"small\",\"table_style\":\"striped\",\"table_vertical_align\":true,\"table_width_meta\":\"shrink\",\"table_width_title\":\"shrink\"},\"children\":[{\"type\":\"table_item\",\"props\":{\"content\":\"\n\n<p>3.00 \\u20ac<\\\/p>\",\"title\":\"12 ex.\"}},{\"type\":\"table_item\",\"props\":{\"content\":\"\n\n<p>5.50 \\u20ac<\\\/p>\",\"title\":\"24 ex.\"}},{\"type\":\"table_item\",\"props\":{\"content\":\"\n\n<p>8.00 \\u20ac<\\\/p>\",\"title\":\"36 ex.\"}},{\"type\":\"table_item\",\"props\":{\"content\":\"\n\n<p>12.00 \\u20ac<\\\/p>\",\"title\":\"60 ex.\"}},{\"type\":\"table_item\",\"props\":{\"content\":\"\n\n<p>17.00 \\u20ac<\\\/p>\",\"title\":\"120 ex.\"}},{\"type\":\"table_item\",\"props\":{\"content\":\"\n\n<p>21.00 \\u20ac<\\\/p>\",\"title\":\"180 ex.\"}}]}]},{\"type\":\"column\",\"props\":{\"class\":\"product-norme\",\"image_position\":\"center-center\",\"position_sticky_breakpoint\":\"m\",\"width_medium\":\"1-2\"},\"children\":[{\"type\":\"gallery\",\"props\":{\"class\":\"norme-image\",\"filter_align\":\"left\",\"filter_all\":true,\"filter_grid_breakpoint\":\"m\",\"filter_grid_width\":\"auto\",\"filter_position\":\"top\",\"filter_style\":\"tab\",\"grid_default\":\"2\",\"grid_medium\":\"3\",\"item_animation\":true,\"link_style\":\"default\",\"link_text\":\"Read more\",\"margin\":\"default\",\"meta_align\":\"below-title\",\"meta_element\":\"div\",\"meta_style\":\"text-meta\",\"overlay_hover\":true,\"overlay_mode\":\"cover\",\"overlay_position\":\"center\",\"overlay_style\":\"overlay-primary\",\"overlay_transition\":\"fade\",\"show_content\":false,\"show_hover_image\":false,\"show_hover_video\":false,\"show_link\":false,\"show_meta\":false,\"show_title\":false,\"text_align\":\"center\",\"text_color\":\"light\",\"title_element\":\"h3\",\"title_hover_style\":\"reset\"},\"children\":[{\"type\":\"gallery_item\",\"props\":{\"image\":\"wp-content\\\/uploads\\\/2025\\\/05\\\/ul-greenguard-certification.svg\"}}]},{\"type\":\"text\",\"props\":{\"class\":\"norme-text\",\"column_breakpoint\":\"m\",\"content\":\"\n\n<p>Certifi\\u00e9es GREENGUARD: \\u00e9tiquettes sans substances nocives et \\u00e0 faible \\u00e9missions, s\\u00fbres pour la peau et l'air int\\u00e9rieur.<\\\/p>\",\"content_en_gb\":\"\n\n<p>GREENGUARD certified: labels free from harmful substances and low in emissions, safe for the skin and indoor air.\\n<\\\/p>\",\"margin\":\"default\"}}]}]}],\"name\":\"sub thermo table finale\"},{\"type\":\"button\",\"props\":{\"grid_column_gap\":\"small\",\"grid_row_gap\":\"small\",\"margin\":\"default\",\"text_align\":\"center\"},\"children\":[{\"type\":\"button_item\",\"props\":{\"button_style\":\"primary\",\"content\":\"Acheter et configurer\",\"content_en_gb\":\"Buy and configure\",\"icon\":\"arrow-down\",\"icon_align\":\"left\",\"link\":\"#section-configuration\",\"link_title\":\"Acteter\",\"link_title_en_gb\":\"Buy\"}}]}]}]}]},{\"type\":\"section\",\"props\":{\"html_element\":\"section\",\"id\":\"section-configuration\",\"image_position\":\"center-center\",\"style\":\"default\",\"title_breakpoint\":\"xl\",\"title_position\":\"top-left\",\"title_rotation\":\"left\",\"vertical_align\":\"middle\",\"width\":\"default\"},\"children\":[{\"type\":\"row\",\"children\":[{\"type\":\"column\",\"props\":{\"image_position\":\"center-center\",\"position_sticky_breakpoint\":\"m\"},\"children\":[{\"type\":\"headline\",\"props\":{\"content\":\"Ma personnalisation\",\"content_en_gb\":\"My personalisation\",\"id\":\"tag4u_headline\",\"text_align\":\"center\",\"title_color\":\"muted\",\"title_decoration\":\"line\",\"title_element\":\"h5\",\"title_style\":\"h5\"}},{\"type\":\"html\",\"props\":{\"class\":\"objet_2\",\"content\":\"\n\n<div id=\\\"preview-wrapper\\\"><\\\/div>\",\"id\":\"tag4u_preview_wrapper\"},\"name\":\"preview wrapper\"},{\"type\":\"text\",\"props\":{\"column_breakpoint\":\"m\",\"content\":\"Pr\\u00e9visualisation non contractuelle<br\\\/>Nous adapterons\\nvotre texte et image avec pr\\u00e9cision\",\"content_en_gb\":\"Non-binding preview<br\\\/>We will adapt\\nyour text and image with precision\",\"id\":\"tag4u_text_contractuelle\",\"margin\":\"default\",\"text_align\":\"center\",\"text_color\":\"muted\",\"text_style\":\"small\"},\"name\":\"text contractuelle\"},{\"type\":\"text\",\"props\":{\"column_breakpoint\":\"m\",\"content\":\"(56 x 11 mm)\",\"id\":\"ta4u_taille\",\"margin\":\"default\",\"text_align\":\"center\",\"text_color\":\"muted\",\"text_style\":\"small\"},\"name\":\"taille\"},{\"type\":\"html\",\"props\":{\"content\":\"\n\n<div id=\\\"container_configuration\\\"><\\\/div>\",\"id\":\"tag4_container_configuration\"}},{\"type\":\"woo_add_to_cart\"}]}]}]},{\"type\":\"section\",\"props\":{\"class\":\"section-switcher\",\"html_element\":\"section\",\"image_position\":\"center-center\",\"style\":\"default\",\"title_breakpoint\":\"xl\",\"title_position\":\"top-left\",\"title_rotation\":\"left\",\"vertical_align\":\"middle\",\"width\":\"default\"},\"children\":[{\"type\":\"row\",\"children\":[{\"type\":\"column\",\"props\":{\"image_position\":\"center-center\",\"position_sticky_breakpoint\":\"m\"},\"children\":[{\"type\":\"switcher\",\"props\":{\"content_column_breakpoint\":\"m\",\"image_align\":\"top\",\"image_grid_breakpoint\":\"m\",\"image_grid_width\":\"1-2\",\"image_svg_color\":\"emphasis\",\"link_style\":\"default\",\"link_text\":\"Read more\",\"margin\":\"default\",\"meta_align\":\"below-title\",\"meta_element\":\"div\",\"meta_style\":\"text-meta\",\"nav\":\"tab\",\"nav_align\":\"left\",\"nav_grid_breakpoint\":\"m\",\"nav_grid_width\":\"auto\",\"nav_position\":\"top\",\"show_content\":true,\"show_image\":true,\"show_label\":true,\"show_link\":true,\"show_meta\":true,\"show_thumbnail\":true,\"show_title\":false,\"switcher_animation\":\"fade\",\"switcher_height\":false,\"thumbnav_height\":\"75\",\"thumbnav_svg_color\":\"emphasis\",\"thumbnav_width\":\"100\",\"title_align\":\"top\",\"title_element\":\"h3\",\"title_grid_breakpoint\":\"m\",\"title_grid_width\":\"1-2\"},\"children\":[{\"type\":\"switcher_item\",\"props\":{\"content\":\"\n\n<p><strong>Des \\u00e9tiquettes pratiques et durables pour identifier tous les objets du quotidien !<\\\/strong><\\\/p>\\n\n\n<p><strong>\\u00e9tiquettes autocollantes personnalis\\u00e9es 1 ligne<\\\/strong> sont con\\u00e7ues pour marquer rapidement et efficacement une grande vari\\u00e9t\\u00e9 d\\u2019objets : cahiers, classeurs, biberons, bo\\u00eetes \\u00e0 go\\u00fbter, gourdes, jouets, mat\\u00e9riel de loisirs ou de sport\\u2026 Elles offrent un format simple et lisible, parfait pour inscrire un <strong>pr\\u00e9nom, un nom ou un num\\u00e9ro<\\\/strong>, et s\\u2019adaptent \\u00e0 tous les usages, \\u00e0 la maison comme \\u00e0 l\\u2019\\u00e9cole ou en cr\\u00e8che.<\\\/p>\\n\n\n<p>Faciles \\u00e0 poser, elles se collent en un seul geste sur une surface propre et s\\u00e8che, sans besoin de repassage ou de couture. Leur <strong>adh\\u00e9sif puissant<\\\/strong> assure une excellente tenue, m\\u00eame sur les objets soumis \\u00e0 l\\u2019humidit\\u00e9 ou aux frottements fr\\u00e9quents. Elles sont \\u00e9galement <strong>r\\u00e9sistantes au lave-vaisselle<\\\/strong>, au micro-ondes et \\u00e0 l\\u2019eau.<\\\/p>\\n\n\n<p>Ces \\u00e9tiquettes sont disponibles en plusieurs coloris et polices d\\u2019\\u00e9criture, pour une <strong>personnalisation rapide et ludique<\\\/strong>, id\\u00e9ale pour les enfants comme pour les adultes.<\\\/p>\\n\n\n<p>Avec nos \\u00e9tiquettes 1 ligne, ne perdez plus rien, identifiez tout\\u2026<\\\/p>\",\"content_en_gb\":\"\n\n<p><strong>Practical and durable labels for identifying all your everyday items!<\\\/strong><\\\/p>\\n\n\n<p><strong>Customised single-line adhesive labels<\\\/strong> are designed to quickly and effectively label a wide variety of items: notebooks, files, baby bottles, snack boxes, water bottles, toys, leisure and sports equipment, and more. They come in a simple, easy-to-read format, perfect for writing a <strong>first name, surname or number<\\\/strong>, and are suitable for all uses, whether at home, school or nursery.\\n\n\n<p>Easy to apply, they stick to a clean, dry surface in a single step, without the need for ironing or sewing. Their <strong>strong adhesive<\\\/strong> ensures excellent hold, even on items subject to moisture or frequent rubbing. They are also <strong>dishwasher<\\\/strong>, microwave and water resistant. <\\\/p>\\n\n\n<p>These labels are available in several colours and fonts for <strong>quick and fun customisation<\\\/strong>, ideal for children and adults alike.<\\\/p>\\n\n\n<p>With our single-line labels, you'll never lose anything again. Identify everything... <\\\/p>\",\"title\":\"Description\"}},{\"type\":\"switcher_item\",\"props\":{\"content\":\"\n\n<p><span>Positionnez l\\u2019autocollant sur une surface lise,\\u00a0 propre, et s\\u00e8che.<\\\/span><\\\/p>\\n\n\n<p>Appuyez quelques secondes.<\\\/p>\\n\n\n<p><span>Nos autocollants r\\u00e9sistent au lave-vaisselle et r\\u00e9frig\\u00e9rateur.<\\\/span><\\\/p>\",\"content_en_gb\":\"\n\n<p><span>Place the sticker on a smooth, clean, dry surface.<\\\/span><\\\/p>\\n\n\n<p>Press down for a few seconds.<\\\/p>\\n\n\n<p><span>Our stickers are dishwasher and refrigerator safe.<\\\/span><\\\/p>\",\"title\":\"Mode d'emploi\"}},{\"type\":\"switcher_item\",\"props\":{\"title\":\"Avis\",\"title_en_gb\":\"Reviews\"}}]}]}]}]},{\"type\":\"section\",\"props\":{\"class\":\"section-switcher\",\"html_element\":\"section\",\"image_position\":\"center-center\",\"style\":\"default\",\"title_breakpoint\":\"xl\",\"title_position\":\"top-left\",\"title_rotation\":\"left\",\"vertical_align\":\"middle\",\"width\":\"default\"},\"children\":[{\"type\":\"row\",\"children\":[{\"type\":\"column\",\"props\":{\"image_position\":\"center-center\",\"position_sticky_breakpoint\":\"m\"},\"children\":[{\"type\":\"headline\",\"props\":{\"content\":\"Produits similaires\",\"title_element\":\"h2\",\"title_style\":\"h2\"}},{\"type\":\"grid_t4u\",\"props\":{\"content_column_breakpoint\":\"m\",\"filter_align\":\"left\",\"filter_all\":true,\"filter_grid_breakpoint\":\"m\",\"filter_grid_width\":\"auto\",\"filter_position\":\"top\",\"filter_style\":\"tab\",\"grid_default\":\"2\",\"grid_medium\":\"4\",\"icon_width\":80,\"image_align\":\"top\",\"image_grid_breakpoint\":\"m\",\"image_grid_width\":\"1-2\",\"image_link\":true,\"image_svg_color\":\"emphasis\",\"item_animation\":true,\"link_style\":\"link-text\",\"link_text\":\"Read more\",\"margin\":\"default\",\"meta_align\":\"below-title\",\"meta_element\":\"div\",\"meta_style\":\"text-meta\",\"panel_link\":true,\"show_content\":true,\"show_image\":true,\"show_link\":true,\"show_meta\":true,\"show_start_price\":true,\"show_sub_title\":true,\"show_title\":true,\"sub_title_element\":\"h3\",\"title_align\":\"top\",\"title_element\":\"h3\",\"title_grid_breakpoint\":\"m\",\"title_grid_width\":\"1-2\",\"title_hover_style\":\"reset\",\"title_style\":\"h3\"},\"children\":[{\"type\":\"grid_t4u_item\",\"props\":{\"sub_title\":\"mini\",\"title\":\"\\u00c9tiquettes objet\"},\"source\":{\"query\":{\"name\":\"products.customProduct\",\"arguments\":{\"terms\":[],\"product_brand_operator\":\"IN\",\"product_cat_operator\":\"IN\",\"product_tag_operator\":\"IN\",\"product_visibility_operator\":\"IN\",\"users\":[],\"users_operator\":\"IN\",\"offset\":0,\"order\":\"date\",\"order_direction\":\"DESC\",\"id\":164}},\"props\":{\"start_price\":{\"filters\":{\"search\":\"\",\"before\":\"\\u00c0 partir de&nbsp; \",\"after\":\"&nbsp;\\u20ac\"},\"name\":\"field.start_price\"},\"image\":{\"filters\":{\"search\":\"\"},\"name\":\"featuredImage.url\"},\"link\":{\"filters\":{\"search\":\"\"},\"name\":\"link\"}}}},{\"type\":\"grid_t4u_item\",\"props\":{\"sub_title\":\"2 lignes\",\"title\":\"\\u00c9tiquettes objet\"},\"source\":{\"query\":{\"name\":\"products.customProduct\",\"arguments\":{\"terms\":[],\"product_brand_operator\":\"IN\",\"product_cat_operator\":\"IN\",\"product_tag_operator\":\"IN\",\"product_visibility_operator\":\"IN\",\"users\":[],\"users_operator\":\"IN\",\"offset\":0,\"order\":\"date\",\"order_direction\":\"DESC\",\"id\":176}},\"props\":{\"start_price\":{\"filters\":{\"search\":\"\",\"before\":\"\\u00c0 partir de&nbsp; \",\"after\":\"&nbsp;\\u20ac\"},\"name\":\"field.start_price\"},\"image\":{\"filters\":{\"search\":\"\"},\"name\":\"featuredImage.url\"},\"link\":{\"filters\":{\"search\":\"\"},\"name\":\"link\"}}}}],\"name\":\"related grid tag4u\"}]}]}]}],\"version\":\"4.4.8\"} --><\/p>\n","protected":false},"excerpt":{"rendered":"<p>The perfect self-adhesive labels to mark everyday objects: glasses box, mobile phone, sunscreen, school supplies, childcare items (bottle, pacifier) or toys: beach rackets, controllers, scooters, etc. These self-adhesive object labels can be adapted to many media, allowing everyone to easily find their personal belongings.<\/p>\n","protected":false},"featured_media":767,"comment_status":"open","ping_status":"closed","template":"","meta":{"_acf_changed":false},"product_brand":[],"product_cat":[24],"product_tag":[],"class_list":{"0":"post-171","1":"product","2":"type-product","3":"status-publish","4":"has-post-thumbnail","6":"product_cat-object-labels","8":"first","9":"instock","10":"sold-individually","11":"taxable","12":"shipping-taxable","13":"purchasable","14":"product-type-simple"},"acf":[],"_links":{"self":[{"href":"https:\/\/www.tag4u.fr\/en\/wp-json\/wp\/v2\/product\/171","targetHints":{"allow":["GET"]}}],"collection":[{"href":"https:\/\/www.tag4u.fr\/en\/wp-json\/wp\/v2\/product"}],"about":[{"href":"https:\/\/www.tag4u.fr\/en\/wp-json\/wp\/v2\/types\/product"}],"replies":[{"embeddable":true,"href":"https:\/\/www.tag4u.fr\/en\/wp-json\/wp\/v2\/comments?post=171"}],"wp:featuredmedia":[{"embeddable":true,"href":"https:\/\/www.tag4u.fr\/en\/wp-json\/wp\/v2\/media\/767"}],"wp:attachment":[{"href":"https:\/\/www.tag4u.fr\/en\/wp-json\/wp\/v2\/media?parent=171"}],"wp:term":[{"taxonomy":"product_brand","embeddable":true,"href":"https:\/\/www.tag4u.fr\/en\/wp-json\/wp\/v2\/product_brand?post=171"},{"taxonomy":"product_cat","embeddable":true,"href":"https:\/\/www.tag4u.fr\/en\/wp-json\/wp\/v2\/product_cat?post=171"},{"taxonomy":"product_tag","embeddable":true,"href":"https:\/\/www.tag4u.fr\/en\/wp-json\/wp\/v2\/product_tag?post=171"}],"curies":[{"name":"wp","href":"https:\/\/api.w.org\/{rel}","templated":true}]}}